{"id":1012,"date":"2020-01-13T11:17:52","date_gmt":"2020-01-13T10:17:52","guid":{"rendered":"https:\/\/www.hansalogistics.com\/startseite\/"},"modified":"2026-02-23T00:52:46","modified_gmt":"2026-02-22T23:52:46","slug":"startseite","status":"publish","type":"page","link":"https:\/\/www.hansalogistics.com\/de\/","title":{"rendered":"Startseite"},"content":{"rendered":"\n<div class=\"wp-block-columns is-layout-flex wp-container-core-columns-is-layout-9d6595d7 wp-block-columns-is-layout-flex\">\n<div class=\"wp-block-column start-teaser is-layout-flow wp-block-column-is-layout-flow\"><div class=\"wp-block-image icon-style is-style-rounded\">\n<figure class=\"aligncenter size-full\"><a href=\"https:\/\/www.hansalogistics.com\/de\/land-transport\/\"><img decoding=\"async\" src=\"https:\/\/www.hansalogistics.com\/wp-content\/uploads\/2022\/08\/icon-landtransport.svg\" alt=\"\" class=\"wp-image-451\" title=\"\"\/><\/a><\/figure>\n<\/div>\n\n\n<h3 class=\"wp-block-heading has-text-align-center\"><a href=\"https:\/\/www.hansalogistics.com\/de\/land-transport\/\" data-type=\"page\" data-id=\"44\">Landtransport<\/a><\/h3>\n\n\n\n<p class=\"has-text-align-center\"><a href=\"https:\/\/www.hansalogistics.com\/de\/land-transport\/\" data-type=\"page\" data-id=\"44\">Explosionsgef\u00e4hrliche G\u00fcter<\/a><br\/><a href=\"https:\/\/www.hansalogistics.com\/de\/land-transport\/#radioactive-materials-transport\">Radioaktive G\u00fcter\u00a0<\/a><br\/><a href=\"https:\/\/www.hansalogistics.com\/de\/land-transport\/#other-hazardous-goods\">Weitere Gefahrg\u00fcter<\/a><br\/><a href=\"https:\/\/www.hansalogistics.com\/de\/land-transport\/#military-transports\">Milit\u00e4rische Transporte<\/a><\/p>\n\n\n\n<div style=\"height:20px\" aria-hidden=\"true\" class=\"wp-block-spacer\"><\/div>\n<\/div>\n\n\n\n<div class=\"wp-block-column start-teaser is-layout-flow wp-block-column-is-layout-flow\"><div class=\"wp-block-image icon-style is-style-rounded\">\n<figure class=\"aligncenter size-full\"><a href=\"https:\/\/www.hansalogistics.com\/de\/warehousing\/\"><img decoding=\"async\" src=\"https:\/\/www.hansalogistics.com\/wp-content\/uploads\/2022\/08\/icon-warehousing.svg\" alt=\"\" class=\"wp-image-457\"\/><\/a><\/figure>\n<\/div>\n\n\n<h3 class=\"wp-block-heading has-text-align-center has-neve-text-color-color has-text-color\"><a href=\"https:\/\/www.hansalogistics.com\/de\/warehousing\/\" data-type=\"page\" data-id=\"54\">Lagerung<\/a><\/h3>\n\n\n\n<p class=\"has-text-align-center\"><a href=\"https:\/\/www.hansalogistics.com\/de\/warehousing\/#explosives-storage\">Explosionsgef\u00e4hrliche G\u00fcter<\/a><a href=\"https:\/\/www.hansalogistics.com\/de\/warehousing\/\" data-type=\"page\" data-id=\"54\">&#13;\n<\/a><a href=\"https:\/\/www.hansalogistics.com\/de\/warehousing\/#radioactive-material-storage\">Radioaktive G\u00fcter<\/a><a href=\"https:\/\/www.hansalogistics.com\/de\/warehousing\/\" data-type=\"page\" data-id=\"54\">&#13;\n<\/a><a href=\"https:\/\/www.hansalogistics.com\/de\/warehousing\/#other-hazardous-goods\">Weitere Gefahrg\u00fcter&#13;\n<\/a><a href=\"https:\/\/www.hansalogistics.com\/de\/warehousing\/#container-stuffing\">Container Stuffing<\/a><a href=\"https:\/\/www.hansalogistics.com\/de\/warehousing\/\" data-type=\"page\" data-id=\"54\">&#13;\n<\/a><a href=\"https:\/\/www.hansalogistics.com\/de\/warehousing\/#repacking\">Umpacken<\/a><\/p>\n\n\n\n<div style=\"height:20px\" aria-hidden=\"true\" class=\"wp-block-spacer\"><\/div>\n<\/div>\n\n\n\n<div class=\"wp-block-column start-teaser is-layout-flow wp-block-column-is-layout-flow\"><div class=\"wp-block-image icon-style is-style-rounded\">\n<figure class=\"aligncenter size-full\"><a href=\"https:\/\/www.hansalogistics.com\/de\/security-guarding\/\"><img decoding=\"async\" src=\"https:\/\/www.hansalogistics.com\/wp-content\/uploads\/2022\/08\/icon-security_guarding.svg\" alt=\"\" class=\"wp-image-456\"\/><\/a><\/figure>\n<\/div>\n\n\n<h3 class=\"wp-block-heading has-text-align-center has-neve-text-color-color has-text-color\"><a href=\"https:\/\/www.hansalogistics.com\/de\/security-guarding\/\" data-type=\"page\" data-id=\"66\">Bewachung &amp; <\/a><a href=\"https:\/\/www.hansalogistics.com\/de\/security-guarding\/\" data-type=\"page\" data-id=\"66\">Begleitschutz<\/a><\/h3>\n\n\n\n<p class=\"has-text-align-center\"><a href=\"https:\/\/www.hansalogistics.com\/de\/security-guarding\/\" data-type=\"page\" data-id=\"66\">Bewaffneter Begleitschutz<\/a><br\/><a href=\"https:\/\/www.hansalogistics.com\/de\/security-guarding\/#road-guards\">Transportbegleitung<\/a><br\/><a href=\"https:\/\/www.hansalogistics.com\/de\/security-guarding\/#military-services\">Milit\u00e4r Dienstleistungen<\/a><\/p>\n\n\n\n<div style=\"height:20px\" aria-hidden=\"true\" class=\"wp-block-spacer\"><\/div>\n<\/div>\n<\/div>\n\n<div class=\"wp-block-columns is-layout-flex wp-container-core-columns-is-layout-9d6595d7 wp-block-columns-is-layout-flex\">\n<div class=\"wp-block-column start-teaser is-layout-flow wp-block-column-is-layout-flow\"><div class=\"wp-block-image icon-style is-style-rounded\">\n<figure class=\"aligncenter size-full\"><a href=\"https:\/\/www.hansalogistics.com\/de\/ocean-freight\/\"><img decoding=\"async\" src=\"https:\/\/www.hansalogistics.com\/wp-content\/uploads\/2022\/08\/icon-ocean_freight.svg\" alt=\"\" class=\"wp-image-455\" title=\"\"\/><\/a><\/figure>\n<\/div>\n\n\n<h3 class=\"wp-block-heading has-text-align-center has-neve-text-color-color has-text-color\"><a href=\"https:\/\/www.hansalogistics.com\/de\/ocean-freight\/\" data-type=\"page\" data-id=\"19\">Seefracht<\/a><\/h3>\n\n\n\n<p class=\"has-text-align-center\"><a href=\"https:\/\/www.hansalogistics.com\/de\/ocean-freight\/#fireworks-logistics\">Feuerwerkslogistik<\/a><a href=\"https:\/\/www.hansalogistics.com\/de\/ocean-freight\/\" data-type=\"page\" data-id=\"19\">&#13;\n<\/a><a href=\"https:\/\/www.hansalogistics.com\/de\/ocean-freight\/#cross-booking\">Cross Booking<\/a><a href=\"https:\/\/www.hansalogistics.com\/de\/ocean-freight\/\" data-type=\"page\" data-id=\"19\">&#13;\n<\/a><a href=\"https:\/\/www.hansalogistics.com\/de\/ocean-freight\/#imo-chartering\">IMO Chartering<\/a><\/p>\n\n\n\n<div style=\"height:20px\" aria-hidden=\"true\" class=\"wp-block-spacer\"><\/div>\n<\/div>\n\n\n\n<div class=\"wp-block-column start-teaser is-layout-flow wp-block-column-is-layout-flow\"><div class=\"wp-block-image icon-style is-style-rounded\">\n<figure class=\"aligncenter size-full\"><a href=\"https:\/\/www.hansalogistics.com\/de\/air-freight\/\"><img decoding=\"async\" src=\"https:\/\/www.hansalogistics.com\/wp-content\/uploads\/2022\/08\/icon-airfreight.svg\" alt=\"\" class=\"wp-image-453\"\/><\/a><\/figure>\n<\/div>\n\n\n<h3 class=\"wp-block-heading has-text-align-center has-neve-text-color-color has-text-color\">Airfreight<\/h3>\n\n\n\n<p class=\"has-text-align-center\"><a href=\"https:\/\/www.hansalogistics.com\/de\/air-freight\/#aircraft-chartering\">Flugzeugcharter<\/a><a href=\"https:\/\/www.hansalogistics.com\/airfreight\/\" data-type=\"page\" data-id=\"28\">&#13;\n<\/a><a href=\"https:\/\/www.hansalogistics.com\/de\/air-freight\/#cross-booking\">Cross Booking<\/a><a href=\"https:\/\/www.hansalogistics.com\/airfreight\/\" data-type=\"page\" data-id=\"28\">&#13;\n<\/a><a href=\"https:\/\/www.hansalogistics.com\/de\/air-freight\/#pax-cargo\">PAX &amp; Cargo<\/a><\/p>\n\n\n\n<div style=\"height:20px\" aria-hidden=\"true\" class=\"wp-block-spacer\"><\/div>\n<\/div>\n\n\n\n<div class=\"wp-block-column start-teaser is-layout-flow wp-block-column-is-layout-flow\"><div class=\"wp-block-image icon-style is-style-rounded\">\n<figure class=\"aligncenter size-full\"><a href=\"https:\/\/www.hansalogistics.com\/de\/consultancy\/\"><img decoding=\"async\" src=\"https:\/\/www.hansalogistics.com\/wp-content\/uploads\/2022\/08\/icon-consultancy.svg\" alt=\"\" class=\"wp-image-454\"\/><\/a><\/figure>\n<\/div>\n\n\n<h3 class=\"wp-block-heading has-text-align-center has-neve-text-color-color has-text-color\"><a href=\"https:\/\/www.hansalogistics.com\/de\/consultancy\/\" data-type=\"page\" data-id=\"36\">Beratung<\/a><\/h3>\n\n\n\n<p class=\"has-text-align-center\"><a href=\"https:\/\/www.hansalogistics.com\/de\/consultancy\/\">Weltweite Explosives Logistik<\/a><a href=\"https:\/\/www.hansalogistics.com\/de\/consultancy\/\" data-type=\"page\" data-id=\"36\">&#13;\n<\/a><a href=\"https:\/\/www.hansalogistics.com\/de\/consultancy\/#licenses\">Genehmigungen<\/a><a href=\"https:\/\/www.hansalogistics.com\/de\/consultancy\/\" data-type=\"page\" data-id=\"36\">&#13;\n<\/a><a href=\"https:\/\/www.hansalogistics.com\/de\/consultancy\/#custom-services-aeo\">Zollformalit\u00e4ten &#8211; AEO<\/a><\/p>\n\n\n\n<div style=\"height:20px\" aria-hidden=\"true\" class=\"wp-block-spacer\"><\/div>\n<\/div>\n<\/div>\n\n<hr class=\"wp-block-separator has-alpha-channel-opacity is-style-default\"\/>\n\n<h2 class=\"wp-block-heading\">hansa-express logistics GmbH ist im Herzen Europas<\/h2>\n\n<p>Seit mehr als 30 Jahren transportieren wir explosionsgef\u00e4hrliche G\u00fcter, sowie zivile und milit\u00e4rische Verteidigungsausr\u00fcstung. Wir bieten Ihnen damit langj\u00e4hrige und fundiertes Wissen im Bereich des weltweiten Transports von diesen G\u00fctern. &#13;\n<\/p>\n\n<h3 class=\"wp-block-heading\">Ihr Vorteil uns als Ihren Logistikpartner f\u00fcr explosionsgef\u00e4hrliche G\u00fcter oder milit\u00e4rische Transporte oder Lagerung zu w\u00e4hlen<\/h3>\n\n<p><strong>Allgemeines<\/strong><\/p>\n\n<ul class=\"wp-block-list\">\n<li>Langj\u00e4hrig gesammeltes Fachwissen \u00fcber gef\u00e4hrliche \/ gef\u00e4hrliche G\u00fcter ADR \/ IMO \/ IATA Klasse 1 (explosionsgef\u00e4hrliche Stoffe und G\u00fcter) und 7 (radioaktiv), milit\u00e4rische G\u00fcter, Waffen, Munition, verbotene Waffen, Feuerwerksk\u00f6rper usw.<\/li>\n\n\n\n<li>One-stop L\u00f6sung &#8211; alle Dienstleistungen zentralisiert in einem Unternehmen<\/li>\n<\/ul>\n\n<p><strong>Lagerung<\/strong><\/p>\n\n<ul class=\"wp-block-list\">\n<li>Zolllager f\u00fcr IMO Klasse 1 und 7 in Deutschland mit einer Lagerkapazit\u00e4t von bis zu 2400 to. Nettoexplosivstoffmenge 1.1 und Platz f\u00fcr ca. 12.000 Paletten<\/li>\n\n\n\n<li>Container Beladung\/Sicherung, Materialumschlag<\/li>\n<\/ul>\n\n<p><strong>Landtransport<\/strong><\/p>\n\n<ul class=\"wp-block-list\">\n<li>Wir betreiben eigene LKWs f\u00fcr europ\u00e4ische Stra\u00dfentransporte bis zu 16 Tonnen NEM. Diese sind f\u00fcr die h\u00f6chsten Anforderungen im Sprengstofftransport (ADR EX II &amp; EX III) ausger\u00fcstet und unsere Fahrer werden st\u00e4ndig zertifiziert mit ADR-Lizenz (inkl. Tank, Klasse 1 &amp; 7) und besuchen weitere Fortbildungen.<\/li>\n\n\n\n<li>Bahntransporte als unabh\u00e4ngiger Operator &#8211; wie z.B. ma\u00dfgeschneiderte Transportkonzepte f\u00fcr z.B. milit\u00e4rische \u00dcbungen (Fahrzeuge + Container auf einem Zug), hohe St\u00fcckgewichte oder Anzahl von Containern \/ Fracht auf einmal, etc.<\/li>\n<\/ul>\n\n<p><strong>Sicherheit &amp; Consulting<\/strong><\/p>\n\n<ul class=\"wp-block-list\">\n<li>Sicherheit und bewaffnete Bewachung von Fahrzeugen<\/li>\n\n\n\n<li>Ausnahmegenehmigung f\u00fcr verbotene Waffen nach \u00a740 WaffG<\/li>\n\n\n\n<li>AEO &#8211; F zertifiziert &#8211; Wir erledigen Ihre Zollformalit\u00e4ten wie z.B. Einfuhr, Ausfuhr, Transit usw.<\/li>\n\n\n\n<li>Beratungsdienstleistungen wie:\n<ul class=\"wp-block-list\">\n<li>Erstellung von Bef\u00f6rderungsdokumenten, die allen geltenden internationalen, europ\u00e4ischen und nationalen Gefahrgutvorschriften wie IMDG\/See, IATA\/Luft, ADR\/Stra\u00dfe, RID\/Schiene usw. entsprechen<\/li>\n\n\n\n<li>Beschaffung von internationalen und europ\u00e4ischen Durchfuhrgenehmigungen sowie deutschen Durchfuhr- und Verbringungsgenehmigungen nach dem Sprengstoffgesetz SprengG, Strahlenschutzgesetz StrlSchG, Waffengesetz WaffG, Kriegswaffengesetz KrWaffKontrG, etc.<\/li>\n\n\n\n<li>T\u00e4tigkeit als deutscher Hafenagent<\/li>\n\n\n\n<li>Ma\u00dfgeschneiderte T\u00fcr-zu-T\u00fcr-Dienste, insbesondere f\u00fcr Gro\u00dfprojekte<\/li>\n<\/ul>\n<\/li>\n<\/ul>\n\n<p>Auf unserer Website finden Sie weitere Informationen \u00fcber unser Leistungsspektrum als f\u00fchrender Logistikdienstleister im Sprengstoff- und Milit\u00e4rbereich.<\/p>\n\n<p><strong>Nehmen Sie Kontakt mit uns auf oder rufen Sie uns gleich an unter +49 4207 1543.<\/strong><\/p>\n\n<hr class=\"wp-block-separator has-alpha-channel-opacity\"\/>\n\n<h2 class=\"wp-block-heading has-text-align-center\">Kontakt<\/h2>\n\n<div class=\"wp-block-columns is-layout-flex wp-container-core-columns-is-layout-9d6595d7 wp-block-columns-is-layout-flex\">\n<div class=\"wp-block-column start-contact-left is-layout-flow wp-block-column-is-layout-flow\" style=\"flex-basis:33.33%\">\n<h3 class=\"wp-block-heading\">hansa &#8211; express logistics GmbH<\/h3>\n\n\n\n<p>Zum Bahnhof 16<br\/>D \u00a0&#8211; 28876 Oyten<\/p>\n\n\n\n<p>Telefon: <a href=\"tel:+4942071543\">+49 (0) 4207 1543<\/a><br\/>Email: <a href=\"mailto:contact@hansalogistics.com?subject=Request\">contact@hansalogistics.com<\/a><\/p>\n<\/div>\n\n\n\n<div class=\"wp-block-column contactform is-layout-flow wp-block-column-is-layout-flow\" style=\"flex-basis:66.66%\">\n<div class=\"wpcf7 no-js\" id=\"wpcf7-f850-o1\" lang=\"de-DE\" dir=\"ltr\" data-wpcf7-id=\"850\">\n<div class=\"screen-reader-response\"><p role=\"status\" aria-live=\"polite\" aria-atomic=\"true\"><\/p> <ul><\/ul><\/div>\n<form action=\"\/de\/wp-json\/wp\/v2\/pages\/1012#wpcf7-f850-o1\" method=\"post\" class=\"wpcf7-form init\" aria-label=\"Kontaktformular\" novalidate=\"novalidate\" data-status=\"init\">\n<fieldset class=\"hidden-fields-container\"><input type=\"hidden\" name=\"_wpcf7\" value=\"850\" \/><input type=\"hidden\" name=\"_wpcf7_version\" value=\"6.1.5\" \/><input type=\"hidden\" name=\"_wpcf7_locale\" value=\"de_DE\" \/><input type=\"hidden\" name=\"_wpcf7_unit_tag\" value=\"wpcf7-f850-o1\" \/><input type=\"hidden\" name=\"_wpcf7_container_post\" value=\"0\" \/><input type=\"hidden\" name=\"_wpcf7_posted_data_hash\" value=\"\" \/>\n<\/fieldset>\n<label> Name *\r\n    <span class=\"wpcf7-form-control-wrap\" data-name=\"your-name\"><input size=\"40\" maxlength=\"400\" class=\"wpcf7-form-control wpcf7-text wpcf7-validates-as-required\" aria-required=\"true\" aria-invalid=\"false\" value=\"\" type=\"text\" name=\"your-name\" \/><\/span> <\/label>\r\n\r\n<label> E-Mail *\r\n    <span class=\"wpcf7-form-control-wrap\" data-name=\"your-email\"><input size=\"40\" maxlength=\"400\" class=\"wpcf7-form-control wpcf7-email wpcf7-validates-as-required wpcf7-text wpcf7-validates-as-email\" aria-required=\"true\" aria-invalid=\"false\" value=\"\" type=\"email\" name=\"your-email\" \/><\/span> <\/label>\r\n\r\n<label> Telefon *\r\n    <span class=\"wpcf7-form-control-wrap\" data-name=\"tel-905\"><input size=\"40\" maxlength=\"400\" class=\"wpcf7-form-control wpcf7-tel wpcf7-text wpcf7-validates-as-tel\" aria-invalid=\"false\" value=\"\" type=\"tel\" name=\"tel-905\" \/><\/span> <\/label>\r\n\r\n<label> Ihre Nachricht\r\n    <span class=\"wpcf7-form-control-wrap\" data-name=\"your-message\"><textarea cols=\"40\" rows=\"10\" maxlength=\"2000\" class=\"wpcf7-form-control wpcf7-textarea\" aria-invalid=\"false\" name=\"your-message\"><\/textarea><\/span> <\/label>\r\n\r\n<h3>Einwilligung<\/h3>\r\n<p><span class=\"wpcf7-form-control-wrap\" data-name=\"acceptance-356\"><span class=\"wpcf7-form-control wpcf7-acceptance\"><span class=\"wpcf7-list-item\"><input type=\"checkbox\" name=\"acceptance-356\" value=\"1\" aria-invalid=\"false\" \/><\/span><\/span><\/span> * Ich akzeptiere die <a href=\"https:\/\/www.hansalogistics.com\/de\/datenschutzerklaerung\/\" rel=\"noopener\" target=\"_blank\">Datenschutzerkl\u00e4rung<\/a>.<\/p>\r\n\r\n<p><input class=\"wpcf7-form-control wpcf7-submit has-spinner\" type=\"submit\" value=\"Senden\" \/><\/p>\r\n\r\n<p>* Pflichtfelder<\/p><div class=\"wpcf7-response-output\" aria-hidden=\"true\"><\/div>\n<\/form>\n<\/div>\n\n<\/div>\n<\/div>\n","protected":false},"excerpt":{"rendered":"<p>Landtransport Explosionsgef\u00e4hrliche G\u00fcterRadioaktive G\u00fcter\u00a0Weitere Gefahrg\u00fcterMilit\u00e4rische Transporte Lagerung Explosionsgef\u00e4hrliche G\u00fcter&#13; Radioaktive G\u00fcter&#13; Weitere Gefahrg\u00fcter&#13; Container Stuffing&#13; Umpacken Bewachung &amp; Begleitschutz Bewaffneter BegleitschutzTransportbegleitungMilit\u00e4r Dienstleistungen Seefracht Feuerwerkslogistik&#13; Cross Booking&#13; IMO Chartering Airfreight Flugzeugcharter&#13; Cross Booking&#13; PAX &amp; Cargo Beratung Weltweite Explosives Logistik&#13; Genehmigungen&#13; Zollformalit\u00e4ten &#8211; AEO hansa-express logistics GmbH ist im Herzen Europas Seit mehr als 30 Jahren transportieren wir explosionsgef\u00e4hrliche G\u00fcter, sowie zivile und milit\u00e4rische Verteidigungsausr\u00fcstung. Wir bieten Ihnen damit langj\u00e4hrige und fundiertes Wissen im Bereich des weltweiten Transports von diesen G\u00fctern. &#13; Ihr Vorteil uns als Ihren Logistikpartner f\u00fcr explosionsgef\u00e4hrliche G\u00fcter oder milit\u00e4rische Transporte oder Lagerung zu w\u00e4hlen Allgemeines Lagerung Landtransport Sicherheit &amp; Consulting Auf unserer Website finden Sie weitere Informationen \u00fcber unser Leistungsspektrum als f\u00fchrender Logistikdienstleister im Sprengstoff- und Milit\u00e4rbereich. Nehmen Sie Kontakt mit uns auf oder rufen Sie uns gleich an unter +49 4207 1543. Kontakt hansa &#8211; express logistics GmbH Zum Bahnhof 16D \u00a0&#8211; 28876 Oyten Telefon: +49 (0) 4207 1543Email: contact@hansalogistics.com<\/p>\n","protected":false},"author":1,"featured_media":0,"parent":0,"menu_order":0,"comment_status":"closed","ping_status":"closed","template":"templates\/template-start.php","meta":{"_acf_changed":false,"footnotes":""},"class_list":["post-1012","page","type-page","status-publish","hentry"],"acf":[],"yoast_head":"<!-- This site is optimized with the Yoast SEO plugin v27.0 - https:\/\/yoast.com\/product\/yoast-seo-wordpress\/ -->\n<title>hansa-express logistics GmbH - explosives &amp; military transports<\/title>\n<meta name=\"description\" content=\"Ihr Logistik Partner, wenn es um den Transport oder Lagerung von explosionsgef\u00e4hrlichen Stoffen und Gegenst\u00e4nden oder milit\u00e4rische G\u00fcter geht. Seefracht, Luftfracht, Landtransport, Beratung\" \/>\n<meta name=\"robots\" content=\"index, follow, max-snippet:-1, max-image-preview:large, max-video-preview:-1\" \/>\n<link rel=\"canonical\" href=\"https:\/\/www.hansalogistics.com\/de\/\" \/>\n<meta property=\"og:locale\" content=\"de_DE\" \/>\n<meta property=\"og:type\" content=\"article\" \/>\n<meta property=\"og:title\" content=\"hansa-express logistics GmbH - explosives &amp; military transports\" \/>\n<meta property=\"og:description\" content=\"Ihr Logistik Partner, wenn es um den Transport oder Lagerung von explosionsgef\u00e4hrlichen Stoffen und Gegenst\u00e4nden oder milit\u00e4rische G\u00fcter geht. Seefracht, Luftfracht, Landtransport, Beratung\" \/>\n<meta property=\"og:url\" content=\"https:\/\/www.hansalogistics.com\/de\/\" \/>\n<meta property=\"og:site_name\" content=\"hansa-express logistics GmbH\" \/>\n<meta property=\"article:modified_time\" content=\"2026-02-22T23:52:46+00:00\" \/>\n<meta name=\"twitter:card\" content=\"summary_large_image\" \/>\n<meta name=\"twitter:label1\" content=\"Gesch\u00e4tzte Lesezeit\" \/>\n\t<meta name=\"twitter:data1\" content=\"3\u00a0Minuten\" \/>\n<script type=\"application\/ld+json\" class=\"yoast-schema-graph\">{\"@context\":\"https:\/\/schema.org\",\"@graph\":[{\"@type\":\"WebPage\",\"@id\":\"https:\/\/www.hansalogistics.com\/de\/\",\"url\":\"https:\/\/www.hansalogistics.com\/de\/\",\"name\":\"hansa-express logistics GmbH - explosives & military transports\",\"isPartOf\":{\"@id\":\"https:\/\/www.hansalogistics.com\/de\/#website\"},\"primaryImageOfPage\":{\"@id\":\"https:\/\/www.hansalogistics.com\/de\/#primaryimage\"},\"image\":{\"@id\":\"https:\/\/www.hansalogistics.com\/de\/#primaryimage\"},\"thumbnailUrl\":\"https:\/\/www.hansalogistics.com\/wp-content\/uploads\/2022\/08\/icon-landtransport.svg\",\"datePublished\":\"2020-01-13T10:17:52+00:00\",\"dateModified\":\"2026-02-22T23:52:46+00:00\",\"description\":\"Ihr Logistik Partner, wenn es um den Transport oder Lagerung von explosionsgef\u00e4hrlichen Stoffen und Gegenst\u00e4nden oder milit\u00e4rische G\u00fcter geht. Seefracht, Luftfracht, Landtransport, Beratung\",\"breadcrumb\":{\"@id\":\"https:\/\/www.hansalogistics.com\/de\/#breadcrumb\"},\"inLanguage\":\"de\",\"potentialAction\":[{\"@type\":\"ReadAction\",\"target\":[\"https:\/\/www.hansalogistics.com\/de\/\"]}]},{\"@type\":\"ImageObject\",\"inLanguage\":\"de\",\"@id\":\"https:\/\/www.hansalogistics.com\/de\/#primaryimage\",\"url\":\"https:\/\/www.hansalogistics.com\/wp-content\/uploads\/2022\/08\/icon-landtransport.svg\",\"contentUrl\":\"https:\/\/www.hansalogistics.com\/wp-content\/uploads\/2022\/08\/icon-landtransport.svg\"},{\"@type\":\"BreadcrumbList\",\"@id\":\"https:\/\/www.hansalogistics.com\/de\/#breadcrumb\",\"itemListElement\":[{\"@type\":\"ListItem\",\"position\":1,\"name\":\"Startseite\",\"item\":\"https:\/\/www.hansalogistics.com\/de\/\"},{\"@type\":\"ListItem\",\"position\":2,\"name\":\"Startseite\"}]},{\"@type\":\"WebSite\",\"@id\":\"https:\/\/www.hansalogistics.com\/de\/#website\",\"url\":\"https:\/\/www.hansalogistics.com\/de\/\",\"name\":\"hansa-express logistics GmbH\",\"description\":\"worldwide shipping of dangerous cargo\",\"publisher\":{\"@id\":\"https:\/\/www.hansalogistics.com\/de\/#organization\"},\"potentialAction\":[{\"@type\":\"SearchAction\",\"target\":{\"@type\":\"EntryPoint\",\"urlTemplate\":\"https:\/\/www.hansalogistics.com\/de\/?s={search_term_string}\"},\"query-input\":{\"@type\":\"PropertyValueSpecification\",\"valueRequired\":true,\"valueName\":\"search_term_string\"}}],\"inLanguage\":\"de\"},{\"@type\":\"Organization\",\"@id\":\"https:\/\/www.hansalogistics.com\/de\/#organization\",\"name\":\"hansa-express logistics GmbH\",\"url\":\"https:\/\/www.hansalogistics.com\/de\/\",\"logo\":{\"@type\":\"ImageObject\",\"inLanguage\":\"de\",\"@id\":\"https:\/\/www.hansalogistics.com\/de\/#\/schema\/logo\/image\/\",\"url\":\"https:\/\/www.hansalogistics.com\/wp-content\/uploads\/2022\/07\/cropped-logo_hansa-express-logistics.png\",\"contentUrl\":\"https:\/\/www.hansalogistics.com\/wp-content\/uploads\/2022\/07\/cropped-logo_hansa-express-logistics.png\",\"width\":650,\"height\":553,\"caption\":\"hansa-express logistics GmbH\"},\"image\":{\"@id\":\"https:\/\/www.hansalogistics.com\/de\/#\/schema\/logo\/image\/\"}}]}<\/script>\n<!-- \/ Yoast SEO plugin. -->","yoast_head_json":{"title":"hansa-express logistics GmbH - explosives & military transports","description":"Ihr Logistik Partner, wenn es um den Transport oder Lagerung von explosionsgef\u00e4hrlichen Stoffen und Gegenst\u00e4nden oder milit\u00e4rische G\u00fcter geht. Seefracht, Luftfracht, Landtransport, Beratung","robots":{"index":"index","follow":"follow","max-snippet":"max-snippet:-1","max-image-preview":"max-image-preview:large","max-video-preview":"max-video-preview:-1"},"canonical":"https:\/\/www.hansalogistics.com\/de\/","og_locale":"de_DE","og_type":"article","og_title":"hansa-express logistics GmbH - explosives & military transports","og_description":"Ihr Logistik Partner, wenn es um den Transport oder Lagerung von explosionsgef\u00e4hrlichen Stoffen und Gegenst\u00e4nden oder milit\u00e4rische G\u00fcter geht. Seefracht, Luftfracht, Landtransport, Beratung","og_url":"https:\/\/www.hansalogistics.com\/de\/","og_site_name":"hansa-express logistics GmbH","article_modified_time":"2026-02-22T23:52:46+00:00","twitter_card":"summary_large_image","twitter_misc":{"Gesch\u00e4tzte Lesezeit":"3\u00a0Minuten"},"schema":{"@context":"https:\/\/schema.org","@graph":[{"@type":"WebPage","@id":"https:\/\/www.hansalogistics.com\/de\/","url":"https:\/\/www.hansalogistics.com\/de\/","name":"hansa-express logistics GmbH - explosives & military transports","isPartOf":{"@id":"https:\/\/www.hansalogistics.com\/de\/#website"},"primaryImageOfPage":{"@id":"https:\/\/www.hansalogistics.com\/de\/#primaryimage"},"image":{"@id":"https:\/\/www.hansalogistics.com\/de\/#primaryimage"},"thumbnailUrl":"https:\/\/www.hansalogistics.com\/wp-content\/uploads\/2022\/08\/icon-landtransport.svg","datePublished":"2020-01-13T10:17:52+00:00","dateModified":"2026-02-22T23:52:46+00:00","description":"Ihr Logistik Partner, wenn es um den Transport oder Lagerung von explosionsgef\u00e4hrlichen Stoffen und Gegenst\u00e4nden oder milit\u00e4rische G\u00fcter geht. Seefracht, Luftfracht, Landtransport, Beratung","breadcrumb":{"@id":"https:\/\/www.hansalogistics.com\/de\/#breadcrumb"},"inLanguage":"de","potentialAction":[{"@type":"ReadAction","target":["https:\/\/www.hansalogistics.com\/de\/"]}]},{"@type":"ImageObject","inLanguage":"de","@id":"https:\/\/www.hansalogistics.com\/de\/#primaryimage","url":"https:\/\/www.hansalogistics.com\/wp-content\/uploads\/2022\/08\/icon-landtransport.svg","contentUrl":"https:\/\/www.hansalogistics.com\/wp-content\/uploads\/2022\/08\/icon-landtransport.svg"},{"@type":"BreadcrumbList","@id":"https:\/\/www.hansalogistics.com\/de\/#breadcrumb","itemListElement":[{"@type":"ListItem","position":1,"name":"Startseite","item":"https:\/\/www.hansalogistics.com\/de\/"},{"@type":"ListItem","position":2,"name":"Startseite"}]},{"@type":"WebSite","@id":"https:\/\/www.hansalogistics.com\/de\/#website","url":"https:\/\/www.hansalogistics.com\/de\/","name":"hansa-express logistics GmbH","description":"worldwide shipping of dangerous cargo","publisher":{"@id":"https:\/\/www.hansalogistics.com\/de\/#organization"},"potentialAction":[{"@type":"SearchAction","target":{"@type":"EntryPoint","urlTemplate":"https:\/\/www.hansalogistics.com\/de\/?s={search_term_string}"},"query-input":{"@type":"PropertyValueSpecification","valueRequired":true,"valueName":"search_term_string"}}],"inLanguage":"de"},{"@type":"Organization","@id":"https:\/\/www.hansalogistics.com\/de\/#organization","name":"hansa-express logistics GmbH","url":"https:\/\/www.hansalogistics.com\/de\/","logo":{"@type":"ImageObject","inLanguage":"de","@id":"https:\/\/www.hansalogistics.com\/de\/#\/schema\/logo\/image\/","url":"https:\/\/www.hansalogistics.com\/wp-content\/uploads\/2022\/07\/cropped-logo_hansa-express-logistics.png","contentUrl":"https:\/\/www.hansalogistics.com\/wp-content\/uploads\/2022\/07\/cropped-logo_hansa-express-logistics.png","width":650,"height":553,"caption":"hansa-express logistics GmbH"},"image":{"@id":"https:\/\/www.hansalogistics.com\/de\/#\/schema\/logo\/image\/"}}]}},"_links":{"self":[{"href":"https:\/\/www.hansalogistics.com\/de\/wp-json\/wp\/v2\/pages\/1012","targetHints":{"allow":["GET"]}}],"collection":[{"href":"https:\/\/www.hansalogistics.com\/de\/wp-json\/wp\/v2\/pages"}],"about":[{"href":"https:\/\/www.hansalogistics.com\/de\/wp-json\/wp\/v2\/types\/page"}],"author":[{"embeddable":true,"href":"https:\/\/www.hansalogistics.com\/de\/wp-json\/wp\/v2\/users\/1"}],"replies":[{"embeddable":true,"href":"https:\/\/www.hansalogistics.com\/de\/wp-json\/wp\/v2\/comments?post=1012"}],"version-history":[{"count":5,"href":"https:\/\/www.hansalogistics.com\/de\/wp-json\/wp\/v2\/pages\/1012\/revisions"}],"predecessor-version":[{"id":1071,"href":"https:\/\/www.hansalogistics.com\/de\/wp-json\/wp\/v2\/pages\/1012\/revisions\/1071"}],"wp:attachment":[{"href":"https:\/\/www.hansalogistics.com\/de\/wp-json\/wp\/v2\/media?parent=1012"}],"curies":[{"name":"wp","href":"https:\/\/api.w.org\/{rel}","templated":true}]}}