{"id":1115,"date":"2026-02-24T14:41:25","date_gmt":"2026-02-24T13:41:25","guid":{"rendered":"https:\/\/www.hansalogistics.com\/?page_id=1115"},"modified":"2026-02-24T14:41:40","modified_gmt":"2026-02-24T13:41:40","slug":"karriere","status":"publish","type":"page","link":"https:\/\/www.hansalogistics.com\/de\/karriere\/","title":{"rendered":"Karriere"},"content":{"rendered":"\n<p>Seit \u00fcber 30 Jahren sind wir ein international t\u00e4tiges Speditionsunternehmen, spezialisiert auf Gefahrguttransporte aller Art, insbesondere der Klassen 1 (explosionsgef\u00e4hrliche Stoffe) und 7 (radioaktive Stoffe). Unser Aufgabengebiet w\u00e4chst stetig. Deswegen sind wir st\u00e4ndig auf der Suche nach qualifizierten Mitarbeiter*innen.<\/p>\n\n\n\n<h2 class=\"wp-block-heading\">Aktuelle Jobangebote<\/h2>\n\n\n\n<h3 class=\"wp-block-heading\">Ausbildung zur Fachkraft f\u00fcr Lagerlogistik (m\/w\/d) f\u00fcr 2026<\/h3>\n\n\n\n<p>Die Ausbildung zur Fachkraft f\u00fcr Lagerlogistik genie\u00dft in unserem Unternehmen einen hohen Stellenwert. Sie durchlaufen w\u00e4hrend Ihrer 3-j\u00e4hrigen Ausbildungszeit alle ausbildungsrelevanten Bereiche in unseren Standorten. Sie eignen sich praxiserprobtes Fachwissen an, das die Grundlagen f\u00fcr Ihren Einstieg ins Berufsleben liefert. Sie werden in den Logistik-Kreislauf eines modernen Lagerstandortes eingef\u00fchrt: Angefangen mit der Anlieferung, Einlagerung, \u00fcber die Kommissionierung, bis hin zum weltweiten Versand, das hei\u00dft die komplette Supply Chain. Interne Schulungen \u00fcber Themen wie Arbeitssicherheit, Gefahrgut und Ladungssicherung sind ebenfalls Bestandteil Ihrer Ausbildung.<\/p>\n\n\n\n<h4 class=\"wp-block-heading\">Das bringen Sie mit<\/h4>\n\n\n\n<ul class=\"wp-block-list\">\n<li>Guter Hauptschulabschluss \u2013 idealerweise Mittlere Reife<\/li>\n\n\n\n<li>Sichere Deutschkenntnisse sind Vorraussetzung<\/li>\n\n\n\n<li>Erfahrungen im Umgang mit dem PC<\/li>\n\n\n\n<li>Hohes Ma\u00df an Engagement<\/li>\n\n\n\n<li>Teamf\u00e4higkeit, Zuverl\u00e4ssigkeit, schnelle Auffassungsgabe<\/li>\n<\/ul>\n\n\n\n<h4 class=\"wp-block-heading\">Das bieten wir Ihnen<\/h4>\n\n\n\n<ul class=\"wp-block-list\">\n<li>Gesamte Bandbreite der Lagerlogistik<\/li>\n\n\n\n<li>Ein abwechslungsreiches und interessantes T\u00e4tigkeitsfeld<\/li>\n\n\n\n<li>Ein kollegiales Betriebsklima<\/li>\n<\/ul>\n\n\n\n<p>Nutzen Sie die Gelegenheit und starten Sie Ihre Ausbildung bei uns! Wir suchen weltoffene, kommunikative Menschen mit gutem Schulabschluss, einer gesunden Portion Neugier, Ehrgeiz und Spa\u00df an der Arbeit.<\/p>\n\n\n\n<hr class=\"wp-block-separator has-alpha-channel-opacity\"\/>\n\n\n\n<h3 class=\"wp-block-heading\">Ausbildungplatz Berufskraftfahrer*in (m\/w\/d) f\u00fcr 2026<\/h3>\n\n\n\n<p>Die Ausbildung zum\/zur Berufskraftfahrer*in (m\/w\/d) ist die Grundlage f\u00fcr einen anspruchsvollen Beruf mit Zukunft. Sie \u201eerfahren\u201c w\u00e4hrend Ihrer 3-j\u00e4hrigen Ausbildungszeit eine Ausbildung gem\u00e4\u00df Ausbildungsplan und Ausbildungsverordnung in den relevanten Bereichen. Sie eignen sich praxiserprobtes Fachwissen an, das den Grundstein f\u00fcr Ihren Einstieg ins Berufsleben liefert. Sie werden in die Gefahrgut-Logistik eingef\u00fchrt. Externe und interne Schulungen \u00fcber Themen wie Arbeitssicherheit, Gefahrgut, Ladungssicherung sind ebenfalls Bestandteil Ihrer Ausbildung. Sie erwerben den F\u00fchrerschein CE, den ADR-Schein inkl. Tank, Klasse 1 und 7, den Sprengstoffbef\u00e4higungsschein.<\/p>\n\n\n\n<h4 class=\"wp-block-heading\">Das bringen Sie mit<\/h4>\n\n\n\n<ul class=\"wp-block-list\">\n<li>Mindestalter: 21 Jahre<\/li>\n\n\n\n<li>Guter Hauptschulabschluss<\/li>\n\n\n\n<li>Gute Kenntnisse in Mathematik und Deutsch<\/li>\n\n\n\n<li>F\u00fchrerschein min. Klasse B<\/li>\n\n\n\n<li>Interesse an kaufm\u00e4nnischen bzw. logistischen Zusammenh\u00e4ngen<\/li>\n\n\n\n<li>\u00dcberdurchschnittliche Leistungsbereitschaft und Teamf\u00e4higkeit<\/li>\n<\/ul>\n\n\n\n<h4 class=\"wp-block-heading\">Das bieten wir Ihnen<\/h4>\n\n\n\n<ul class=\"wp-block-list\">\n<li>Vielf\u00e4ltige Entwicklungsm\u00f6glichkeiten in einem internationalen Umfeld<\/li>\n\n\n\n<li>Ein abwechslungsreiches und interessantes T\u00e4tigkeitsfeld<\/li>\n\n\n\n<li>Ein kollegiales Betriebsklima<\/li>\n<\/ul>\n\n\n\n<p>Nutzen Sie die Gelegenheit und starten Sie Ihre Ausbildung bei uns! Wir suchen weltoffene, kommunikative Menschen mit gutem Schulabschluss, einer gesunden Portion Neugier, Ehrgeiz und Spa\u00df an der Arbeit.<\/p>\n\n\n\n<hr class=\"wp-block-separator has-alpha-channel-opacity\"\/>\n\n\n\n<h3 class=\"wp-block-heading\">Berufskraftfahrer*in (m\/w\/d)<\/h3>\n\n\n\n<h4 class=\"wp-block-heading\">Ihre Aufgaben<\/h4>\n\n\n\n<p>Internationaler Fernverkehr in ganz Europa. Sie bef\u00f6rdern national und international Gefahrg\u00fcter aller Art, \u00fcberwiegend ADR Klasse 1. Sorgf\u00e4ltige Erf\u00fcllung der von unseren Kund*innen gestellten Aufgaben. Einhaltung aller Regelungen der relevanter Gesetze und Vorschriften.<\/p>\n\n\n\n<h4 class=\"wp-block-heading\">Das bringen Sie mit<\/h4>\n\n\n\n<ul class=\"wp-block-list\">\n<li>F\u00fchrerschein Klasse CE<\/li>\n\n\n\n<li>Umgang mit Glieder- \/ Sattelz\u00fcgen<\/li>\n\n\n\n<li>ADR Schein (gerne mit Tank), sowie Bef\u00e4higungen der ADR Klasse 1 (Sprengstoffe) + 7 (radioaktive Stoffe)<\/li>\n\n\n\n<li>SprG \u00a720 Sprengstoffbef\u00e4higungsschein<\/li>\n\n\n\n<li>Fahrerkarte<\/li>\n\n\n\n<li>Flexibilit\u00e4t und Belastbarkeit<\/li>\n\n\n\n<li>Gepflegtes Erscheinungsbild<\/li>\n\n\n\n<li>Teamf\u00e4higkeit, Zuverl\u00e4ssigkeit<\/li>\n<\/ul>\n\n\n\n<h4 class=\"wp-block-heading\">Das bieten wir Ihnen<\/h4>\n\n\n\n<ul class=\"wp-block-list\">\n<li>Vielf\u00e4ltige Entwicklungsm\u00f6glichkeiten in einem internationalen Umfeld<\/li>\n\n\n\n<li>Ein abwechslungsreiches und interessantes T\u00e4tigkeitsfeld<\/li>\n\n\n\n<li>Ein kollegiales Betriebsklima<\/li>\n\n\n\n<li>Einstieg in ein namenhaftes Speditionsunternehmen mit einem unbefristeten Arbeitsvertrag<\/li>\n\n\n\n<li>Gute Sozialleistungen<\/li>\n<\/ul>\n\n\n\n<p>Quereinsteiger*innen und Berufsanf\u00e4nger*innen geben wir nat\u00fcrlich gerne eine Chance.<\/p>\n\n\n\n<p>Sie haben noch nicht die n\u00f6tigen Qualifikationen? Setzen Sie sich einfach mit uns in Verbindung.<\/p>\n\n\n\n<hr class=\"wp-block-separator has-alpha-channel-opacity\"\/>\n\n\n\n<h2 class=\"wp-block-heading\">Bewerbungen an<\/h2>\n\n\n\n<p><strong>hansa &#8211; express logistics GmbH&nbsp;<\/strong><br>Zum Bahnhof 16&nbsp;<br>D-28876 Oyten&nbsp;<br><br>Telefon: 04207-1543<br>E-Mail: contact@hansalogistics.com<\/p>\n\n\n\n<hr class=\"wp-block-separator has-alpha-channel-opacity\"\/>\n","protected":false},"excerpt":{"rendered":"<p>Seit \u00fcber 30 Jahren sind wir ein international t\u00e4tiges Speditionsunternehmen, spezialisiert auf Gefahrguttransporte aller Art, insbesondere der Klassen 1 (explosionsgef\u00e4hrliche Stoffe) und 7 (radioaktive Stoffe). Unser Aufgabengebiet w\u00e4chst stetig. Deswegen sind wir st\u00e4ndig auf der Suche nach qualifizierten Mitarbeiter*innen. Aktuelle Jobangebote Ausbildung zur Fachkraft f\u00fcr Lagerlogistik (m\/w\/d) f\u00fcr 2026 Die Ausbildung zur Fachkraft f\u00fcr Lagerlogistik genie\u00dft in unserem Unternehmen einen hohen Stellenwert. Sie durchlaufen w\u00e4hrend Ihrer 3-j\u00e4hrigen Ausbildungszeit alle ausbildungsrelevanten Bereiche in unseren Standorten. Sie eignen sich praxiserprobtes Fachwissen an, das die Grundlagen f\u00fcr Ihren Einstieg ins Berufsleben liefert. Sie werden in den Logistik-Kreislauf eines modernen Lagerstandortes eingef\u00fchrt: Angefangen mit der Anlieferung, Einlagerung, \u00fcber die Kommissionierung, bis hin zum weltweiten Versand, das hei\u00dft die komplette Supply Chain. Interne Schulungen \u00fcber Themen wie Arbeitssicherheit, Gefahrgut und Ladungssicherung sind ebenfalls Bestandteil Ihrer Ausbildung. Das bringen Sie mit Das bieten wir Ihnen Nutzen Sie die Gelegenheit und starten Sie Ihre Ausbildung bei uns! Wir suchen weltoffene, kommunikative Menschen mit gutem Schulabschluss, einer gesunden Portion Neugier, Ehrgeiz und Spa\u00df an der Arbeit. Ausbildungplatz Berufskraftfahrer*in (m\/w\/d) f\u00fcr 2026 Die Ausbildung zum\/zur Berufskraftfahrer*in (m\/w\/d) ist die Grundlage f\u00fcr einen anspruchsvollen Beruf mit Zukunft. Sie \u201eerfahren\u201c w\u00e4hrend Ihrer 3-j\u00e4hrigen Ausbildungszeit eine Ausbildung gem\u00e4\u00df Ausbildungsplan und Ausbildungsverordnung in den relevanten Bereichen. Sie eignen sich praxiserprobtes Fachwissen an, das den Grundstein f\u00fcr Ihren Einstieg ins Berufsleben liefert. Sie werden in die Gefahrgut-Logistik eingef\u00fchrt. Externe und interne Schulungen \u00fcber Themen wie Arbeitssicherheit, Gefahrgut, Ladungssicherung sind ebenfalls Bestandteil Ihrer Ausbildung. Sie erwerben den F\u00fchrerschein CE, den ADR-Schein inkl. Tank, Klasse 1 und 7, den Sprengstoffbef\u00e4higungsschein. Das bringen Sie mit Das bieten wir Ihnen Nutzen Sie die Gelegenheit und starten Sie Ihre Ausbildung bei uns! Wir suchen weltoffene, kommunikative Menschen mit gutem Schulabschluss, einer gesunden Portion Neugier, Ehrgeiz und Spa\u00df an der Arbeit. Berufskraftfahrer*in (m\/w\/d) Ihre Aufgaben Internationaler Fernverkehr in ganz Europa. Sie bef\u00f6rdern national und international Gefahrg\u00fcter aller Art, \u00fcberwiegend ADR Klasse 1. Sorgf\u00e4ltige Erf\u00fcllung der von unseren Kund*innen gestellten Aufgaben. Einhaltung aller Regelungen der relevanter Gesetze und Vorschriften. Das bringen Sie mit Das bieten wir Ihnen Quereinsteiger*innen und Berufsanf\u00e4nger*innen geben wir nat\u00fcrlich gerne eine Chance. Sie haben noch nicht die n\u00f6tigen Qualifikationen? Setzen Sie sich einfach mit uns in Verbindung. Bewerbungen an hansa &#8211; express logistics GmbH&nbsp;Zum Bahnhof 16&nbsp;D-28876 Oyten&nbsp; Telefon: 04207-1543E-Mail: contact@hansalogistics.com<\/p>\n","protected":false},"author":1,"featured_media":0,"parent":0,"menu_order":101,"comment_status":"closed","ping_status":"closed","template":"","meta":{"_acf_changed":false,"footnotes":""},"class_list":["post-1115","page","type-page","status-publish","hentry"],"acf":[],"yoast_head":"<!-- This site is optimized with the Yoast SEO plugin v27.0 - https:\/\/yoast.com\/product\/yoast-seo-wordpress\/ -->\n<title>Karriere - hansa-express logistics GmbH<\/title>\n<meta name=\"robots\" content=\"index, follow, max-snippet:-1, max-image-preview:large, max-video-preview:-1\" \/>\n<link rel=\"canonical\" href=\"https:\/\/www.hansalogistics.com\/de\/karriere\/\" \/>\n<meta property=\"og:locale\" content=\"de_DE\" \/>\n<meta property=\"og:type\" content=\"article\" \/>\n<meta property=\"og:title\" content=\"Karriere - hansa-express logistics GmbH\" \/>\n<meta property=\"og:description\" content=\"Seit \u00fcber 30 Jahren sind wir ein international t\u00e4tiges Speditionsunternehmen, spezialisiert auf Gefahrguttransporte aller Art, insbesondere der Klassen 1 (explosionsgef\u00e4hrliche Stoffe) und 7 (radioaktive Stoffe). Unser Aufgabengebiet w\u00e4chst stetig. Deswegen sind wir st\u00e4ndig auf der Suche nach qualifizierten Mitarbeiter*innen. Aktuelle Jobangebote Ausbildung zur Fachkraft f\u00fcr Lagerlogistik (m\/w\/d) f\u00fcr 2026 Die Ausbildung zur Fachkraft f\u00fcr Lagerlogistik genie\u00dft in unserem Unternehmen einen hohen Stellenwert. Sie durchlaufen w\u00e4hrend Ihrer 3-j\u00e4hrigen Ausbildungszeit alle ausbildungsrelevanten Bereiche in unseren Standorten. Sie eignen sich praxiserprobtes Fachwissen an, das die Grundlagen f\u00fcr Ihren Einstieg ins Berufsleben liefert. Sie werden in den Logistik-Kreislauf eines modernen Lagerstandortes eingef\u00fchrt: Angefangen mit der Anlieferung, Einlagerung, \u00fcber die Kommissionierung, bis hin zum weltweiten Versand, das hei\u00dft die komplette Supply Chain. Interne Schulungen \u00fcber Themen wie Arbeitssicherheit, Gefahrgut und Ladungssicherung sind ebenfalls Bestandteil Ihrer Ausbildung. Das bringen Sie mit Das bieten wir Ihnen Nutzen Sie die Gelegenheit und starten Sie Ihre Ausbildung bei uns! Wir suchen weltoffene, kommunikative Menschen mit gutem Schulabschluss, einer gesunden Portion Neugier, Ehrgeiz und Spa\u00df an der Arbeit. Ausbildungplatz Berufskraftfahrer*in (m\/w\/d) f\u00fcr 2026 Die Ausbildung zum\/zur Berufskraftfahrer*in (m\/w\/d) ist die Grundlage f\u00fcr einen anspruchsvollen Beruf mit Zukunft. Sie \u201eerfahren\u201c w\u00e4hrend Ihrer 3-j\u00e4hrigen Ausbildungszeit eine Ausbildung gem\u00e4\u00df Ausbildungsplan und Ausbildungsverordnung in den relevanten Bereichen. Sie eignen sich praxiserprobtes Fachwissen an, das den Grundstein f\u00fcr Ihren Einstieg ins Berufsleben liefert. Sie werden in die Gefahrgut-Logistik eingef\u00fchrt. Externe und interne Schulungen \u00fcber Themen wie Arbeitssicherheit, Gefahrgut, Ladungssicherung sind ebenfalls Bestandteil Ihrer Ausbildung. Sie erwerben den F\u00fchrerschein CE, den ADR-Schein inkl. Tank, Klasse 1 und 7, den Sprengstoffbef\u00e4higungsschein. Das bringen Sie mit Das bieten wir Ihnen Nutzen Sie die Gelegenheit und starten Sie Ihre Ausbildung bei uns! Wir suchen weltoffene, kommunikative Menschen mit gutem Schulabschluss, einer gesunden Portion Neugier, Ehrgeiz und Spa\u00df an der Arbeit. Berufskraftfahrer*in (m\/w\/d) Ihre Aufgaben Internationaler Fernverkehr in ganz Europa. Sie bef\u00f6rdern national und international Gefahrg\u00fcter aller Art, \u00fcberwiegend ADR Klasse 1. Sorgf\u00e4ltige Erf\u00fcllung der von unseren Kund*innen gestellten Aufgaben. Einhaltung aller Regelungen der relevanter Gesetze und Vorschriften. Das bringen Sie mit Das bieten wir Ihnen Quereinsteiger*innen und Berufsanf\u00e4nger*innen geben wir nat\u00fcrlich gerne eine Chance. Sie haben noch nicht die n\u00f6tigen Qualifikationen? Setzen Sie sich einfach mit uns in Verbindung. Bewerbungen an hansa &#8211; express logistics GmbH&nbsp;Zum Bahnhof 16&nbsp;D-28876 Oyten&nbsp; Telefon: 04207-1543E-Mail: contact@hansalogistics.com\" \/>\n<meta property=\"og:url\" content=\"https:\/\/www.hansalogistics.com\/de\/karriere\/\" \/>\n<meta property=\"og:site_name\" content=\"hansa-express logistics GmbH\" \/>\n<meta property=\"article:modified_time\" content=\"2026-02-24T13:41:40+00:00\" \/>\n<meta name=\"twitter:card\" content=\"summary_large_image\" \/>\n<meta name=\"twitter:label1\" content=\"Gesch\u00e4tzte Lesezeit\" \/>\n\t<meta name=\"twitter:data1\" content=\"3\u00a0Minuten\" \/>\n<script type=\"application\/ld+json\" class=\"yoast-schema-graph\">{\"@context\":\"https:\/\/schema.org\",\"@graph\":[{\"@type\":\"WebPage\",\"@id\":\"https:\/\/www.hansalogistics.com\/de\/karriere\/\",\"url\":\"https:\/\/www.hansalogistics.com\/de\/karriere\/\",\"name\":\"Karriere - hansa-express logistics GmbH\",\"isPartOf\":{\"@id\":\"https:\/\/www.hansalogistics.com\/de\/#website\"},\"datePublished\":\"2026-02-24T13:41:25+00:00\",\"dateModified\":\"2026-02-24T13:41:40+00:00\",\"breadcrumb\":{\"@id\":\"https:\/\/www.hansalogistics.com\/de\/karriere\/#breadcrumb\"},\"inLanguage\":\"de\",\"potentialAction\":[{\"@type\":\"ReadAction\",\"target\":[\"https:\/\/www.hansalogistics.com\/de\/karriere\/\"]}]},{\"@type\":\"BreadcrumbList\",\"@id\":\"https:\/\/www.hansalogistics.com\/de\/karriere\/#breadcrumb\",\"itemListElement\":[{\"@type\":\"ListItem\",\"position\":1,\"name\":\"Startseite\",\"item\":\"https:\/\/www.hansalogistics.com\/de\/\"},{\"@type\":\"ListItem\",\"position\":2,\"name\":\"Karriere\"}]},{\"@type\":\"WebSite\",\"@id\":\"https:\/\/www.hansalogistics.com\/de\/#website\",\"url\":\"https:\/\/www.hansalogistics.com\/de\/\",\"name\":\"hansa-express logistics GmbH\",\"description\":\"worldwide shipping of dangerous cargo\",\"publisher\":{\"@id\":\"https:\/\/www.hansalogistics.com\/de\/#organization\"},\"potentialAction\":[{\"@type\":\"SearchAction\",\"target\":{\"@type\":\"EntryPoint\",\"urlTemplate\":\"https:\/\/www.hansalogistics.com\/de\/?s={search_term_string}\"},\"query-input\":{\"@type\":\"PropertyValueSpecification\",\"valueRequired\":true,\"valueName\":\"search_term_string\"}}],\"inLanguage\":\"de\"},{\"@type\":\"Organization\",\"@id\":\"https:\/\/www.hansalogistics.com\/de\/#organization\",\"name\":\"hansa-express logistics GmbH\",\"url\":\"https:\/\/www.hansalogistics.com\/de\/\",\"logo\":{\"@type\":\"ImageObject\",\"inLanguage\":\"de\",\"@id\":\"https:\/\/www.hansalogistics.com\/de\/#\/schema\/logo\/image\/\",\"url\":\"https:\/\/www.hansalogistics.com\/wp-content\/uploads\/2022\/07\/cropped-logo_hansa-express-logistics.png\",\"contentUrl\":\"https:\/\/www.hansalogistics.com\/wp-content\/uploads\/2022\/07\/cropped-logo_hansa-express-logistics.png\",\"width\":650,\"height\":553,\"caption\":\"hansa-express logistics GmbH\"},\"image\":{\"@id\":\"https:\/\/www.hansalogistics.com\/de\/#\/schema\/logo\/image\/\"}}]}<\/script>\n<!-- \/ Yoast SEO plugin. -->","yoast_head_json":{"title":"Karriere - hansa-express logistics GmbH","robots":{"index":"index","follow":"follow","max-snippet":"max-snippet:-1","max-image-preview":"max-image-preview:large","max-video-preview":"max-video-preview:-1"},"canonical":"https:\/\/www.hansalogistics.com\/de\/karriere\/","og_locale":"de_DE","og_type":"article","og_title":"Karriere - hansa-express logistics GmbH","og_description":"Seit \u00fcber 30 Jahren sind wir ein international t\u00e4tiges Speditionsunternehmen, spezialisiert auf Gefahrguttransporte aller Art, insbesondere der Klassen 1 (explosionsgef\u00e4hrliche Stoffe) und 7 (radioaktive Stoffe). Unser Aufgabengebiet w\u00e4chst stetig. Deswegen sind wir st\u00e4ndig auf der Suche nach qualifizierten Mitarbeiter*innen. Aktuelle Jobangebote Ausbildung zur Fachkraft f\u00fcr Lagerlogistik (m\/w\/d) f\u00fcr 2026 Die Ausbildung zur Fachkraft f\u00fcr Lagerlogistik genie\u00dft in unserem Unternehmen einen hohen Stellenwert. Sie durchlaufen w\u00e4hrend Ihrer 3-j\u00e4hrigen Ausbildungszeit alle ausbildungsrelevanten Bereiche in unseren Standorten. Sie eignen sich praxiserprobtes Fachwissen an, das die Grundlagen f\u00fcr Ihren Einstieg ins Berufsleben liefert. Sie werden in den Logistik-Kreislauf eines modernen Lagerstandortes eingef\u00fchrt: Angefangen mit der Anlieferung, Einlagerung, \u00fcber die Kommissionierung, bis hin zum weltweiten Versand, das hei\u00dft die komplette Supply Chain. Interne Schulungen \u00fcber Themen wie Arbeitssicherheit, Gefahrgut und Ladungssicherung sind ebenfalls Bestandteil Ihrer Ausbildung. Das bringen Sie mit Das bieten wir Ihnen Nutzen Sie die Gelegenheit und starten Sie Ihre Ausbildung bei uns! Wir suchen weltoffene, kommunikative Menschen mit gutem Schulabschluss, einer gesunden Portion Neugier, Ehrgeiz und Spa\u00df an der Arbeit. Ausbildungplatz Berufskraftfahrer*in (m\/w\/d) f\u00fcr 2026 Die Ausbildung zum\/zur Berufskraftfahrer*in (m\/w\/d) ist die Grundlage f\u00fcr einen anspruchsvollen Beruf mit Zukunft. Sie \u201eerfahren\u201c w\u00e4hrend Ihrer 3-j\u00e4hrigen Ausbildungszeit eine Ausbildung gem\u00e4\u00df Ausbildungsplan und Ausbildungsverordnung in den relevanten Bereichen. Sie eignen sich praxiserprobtes Fachwissen an, das den Grundstein f\u00fcr Ihren Einstieg ins Berufsleben liefert. Sie werden in die Gefahrgut-Logistik eingef\u00fchrt. Externe und interne Schulungen \u00fcber Themen wie Arbeitssicherheit, Gefahrgut, Ladungssicherung sind ebenfalls Bestandteil Ihrer Ausbildung. Sie erwerben den F\u00fchrerschein CE, den ADR-Schein inkl. Tank, Klasse 1 und 7, den Sprengstoffbef\u00e4higungsschein. Das bringen Sie mit Das bieten wir Ihnen Nutzen Sie die Gelegenheit und starten Sie Ihre Ausbildung bei uns! Wir suchen weltoffene, kommunikative Menschen mit gutem Schulabschluss, einer gesunden Portion Neugier, Ehrgeiz und Spa\u00df an der Arbeit. Berufskraftfahrer*in (m\/w\/d) Ihre Aufgaben Internationaler Fernverkehr in ganz Europa. Sie bef\u00f6rdern national und international Gefahrg\u00fcter aller Art, \u00fcberwiegend ADR Klasse 1. Sorgf\u00e4ltige Erf\u00fcllung der von unseren Kund*innen gestellten Aufgaben. Einhaltung aller Regelungen der relevanter Gesetze und Vorschriften. Das bringen Sie mit Das bieten wir Ihnen Quereinsteiger*innen und Berufsanf\u00e4nger*innen geben wir nat\u00fcrlich gerne eine Chance. Sie haben noch nicht die n\u00f6tigen Qualifikationen? Setzen Sie sich einfach mit uns in Verbindung. Bewerbungen an hansa &#8211; express logistics GmbH&nbsp;Zum Bahnhof 16&nbsp;D-28876 Oyten&nbsp; Telefon: 04207-1543E-Mail: contact@hansalogistics.com","og_url":"https:\/\/www.hansalogistics.com\/de\/karriere\/","og_site_name":"hansa-express logistics GmbH","article_modified_time":"2026-02-24T13:41:40+00:00","twitter_card":"summary_large_image","twitter_misc":{"Gesch\u00e4tzte Lesezeit":"3\u00a0Minuten"},"schema":{"@context":"https:\/\/schema.org","@graph":[{"@type":"WebPage","@id":"https:\/\/www.hansalogistics.com\/de\/karriere\/","url":"https:\/\/www.hansalogistics.com\/de\/karriere\/","name":"Karriere - hansa-express logistics GmbH","isPartOf":{"@id":"https:\/\/www.hansalogistics.com\/de\/#website"},"datePublished":"2026-02-24T13:41:25+00:00","dateModified":"2026-02-24T13:41:40+00:00","breadcrumb":{"@id":"https:\/\/www.hansalogistics.com\/de\/karriere\/#breadcrumb"},"inLanguage":"de","potentialAction":[{"@type":"ReadAction","target":["https:\/\/www.hansalogistics.com\/de\/karriere\/"]}]},{"@type":"BreadcrumbList","@id":"https:\/\/www.hansalogistics.com\/de\/karriere\/#breadcrumb","itemListElement":[{"@type":"ListItem","position":1,"name":"Startseite","item":"https:\/\/www.hansalogistics.com\/de\/"},{"@type":"ListItem","position":2,"name":"Karriere"}]},{"@type":"WebSite","@id":"https:\/\/www.hansalogistics.com\/de\/#website","url":"https:\/\/www.hansalogistics.com\/de\/","name":"hansa-express logistics GmbH","description":"worldwide shipping of dangerous cargo","publisher":{"@id":"https:\/\/www.hansalogistics.com\/de\/#organization"},"potentialAction":[{"@type":"SearchAction","target":{"@type":"EntryPoint","urlTemplate":"https:\/\/www.hansalogistics.com\/de\/?s={search_term_string}"},"query-input":{"@type":"PropertyValueSpecification","valueRequired":true,"valueName":"search_term_string"}}],"inLanguage":"de"},{"@type":"Organization","@id":"https:\/\/www.hansalogistics.com\/de\/#organization","name":"hansa-express logistics GmbH","url":"https:\/\/www.hansalogistics.com\/de\/","logo":{"@type":"ImageObject","inLanguage":"de","@id":"https:\/\/www.hansalogistics.com\/de\/#\/schema\/logo\/image\/","url":"https:\/\/www.hansalogistics.com\/wp-content\/uploads\/2022\/07\/cropped-logo_hansa-express-logistics.png","contentUrl":"https:\/\/www.hansalogistics.com\/wp-content\/uploads\/2022\/07\/cropped-logo_hansa-express-logistics.png","width":650,"height":553,"caption":"hansa-express logistics GmbH"},"image":{"@id":"https:\/\/www.hansalogistics.com\/de\/#\/schema\/logo\/image\/"}}]}},"_links":{"self":[{"href":"https:\/\/www.hansalogistics.com\/de\/wp-json\/wp\/v2\/pages\/1115","targetHints":{"allow":["GET"]}}],"collection":[{"href":"https:\/\/www.hansalogistics.com\/de\/wp-json\/wp\/v2\/pages"}],"about":[{"href":"https:\/\/www.hansalogistics.com\/de\/wp-json\/wp\/v2\/types\/page"}],"author":[{"embeddable":true,"href":"https:\/\/www.hansalogistics.com\/de\/wp-json\/wp\/v2\/users\/1"}],"replies":[{"embeddable":true,"href":"https:\/\/www.hansalogistics.com\/de\/wp-json\/wp\/v2\/comments?post=1115"}],"version-history":[{"count":1,"href":"https:\/\/www.hansalogistics.com\/de\/wp-json\/wp\/v2\/pages\/1115\/revisions"}],"predecessor-version":[{"id":1116,"href":"https:\/\/www.hansalogistics.com\/de\/wp-json\/wp\/v2\/pages\/1115\/revisions\/1116"}],"wp:attachment":[{"href":"https:\/\/www.hansalogistics.com\/de\/wp-json\/wp\/v2\/media?parent=1115"}],"curies":[{"name":"wp","href":"https:\/\/api.w.org\/{rel}","templated":true}]}}