{"id":784,"date":"2022-06-13T11:53:58","date_gmt":"2022-06-13T09:53:58","guid":{"rendered":"https:\/\/www.hansalogistics.com\/land-transport\/"},"modified":"2026-01-12T19:10:37","modified_gmt":"2026-01-12T18:10:37","slug":"land-transport","status":"publish","type":"page","link":"https:\/\/www.hansalogistics.com\/de\/land-transport\/","title":{"rendered":"Landtransport"},"content":{"rendered":"\n<p>In Europa unterliegt der Landtransport von Sprengstoffen per LKW strengen Vorschriften und Sicherheitsstandards. hansa-express setzt daher eigene LKW ein, die den h\u00f6chsten europ\u00e4ischen Standards f\u00fcr den Transport von Sprengstoffen entsprechen. F\u00fcr den Transport von explosiven und radioaktiven Stoffen sind zus\u00e4tzliche Plaketten zur Kennzeichnung erforderlich. Dar\u00fcber hinaus sind die Fahrer verpflichtet, verschiedene Vorschriften in Bezug auf die Gestaltung und Ausr\u00fcstung des Transports, die Mengenangabe, die Ladungssicherung, die Verpackung, die Klassifizierung, die Kennzeichnung und die Dokumentation der Materialien zu beachten. Dar\u00fcber hinaus m\u00fcssen die Fahrer \u00fcber die erforderlichen Bescheinigungen verf\u00fcgen und eine umfassende Ausbildung absolvieren, um gef\u00e4hrliche, radioaktive und andere gef\u00e4hrliche Stoffe in Lastwagen oder anderen Transportfahrzeugen zu bef\u00f6rdern. Der Transport von explosiven Stoffen wird je nach Standort in Europa von verschiedenen staatlichen Beh\u00f6rden, der Polizei und anderen lokalen Beamten genau \u00fcberwacht.  Diese Vorschriften und Kontrollen sollen den sicheren Transport von Sprengstoffen per LKW in Europa gew\u00e4hrleisten.<\/p>\n\n<p>F\u00fcr den Transport von Sprengstoffen verwenden wir eigene LKW, die nach den h\u00f6chsten Standards f\u00fcr den europ\u00e4ischen Sprengstofftransport (ADR) ausger\u00fcstet sind:<\/p>\n\n<ul class=\"wp-block-list\">\n<li>EXIII Kofferauflieger<\/li>\n\n\n\n<li>Seitenfaltwandkoffer mit 13 Meter<\/li>\n\n\n\n<li>Container Chassis<\/li>\n\n\n\n<li>Echtzeit GPS \u00dcberwachung<\/li>\n\n\n\n<li>Geofencing<\/li>\n\n\n\n<li>Alarmsystem<\/li>\n\n\n\n<li>T\u00fcr\u00f6ffnungsalarm<\/li>\n\n\n\n<li>Notfallmarkierung zur Ortung aus der Luft<\/li>\n<\/ul>\n\n<h2 class=\"wp-block-heading\">Unsere Services beinhalten:<\/h2>\n\n<h3 class=\"wp-block-heading\">Sprengstofftransport<\/h3>\n\n<p class=\"has-normal-font-size\">Alle von uns eingesetzten Fahrzeuge sind f\u00fcr den Transport von Gefahrgut der ADR-Klasse 1 zugelassen. Das hei\u00dft, sie sind nach den Anforderungen der EX II- oder EX III-Zulassung ausgestattet und zugelassen, was j\u00e4hrlich \u00fcberpr\u00fcft wird. Die Ladungssicherung nach DIN 2700 ff. ist f\u00fcr unsere Fahrer und Verlader Standard. Unsere LKW k\u00f6nnen Gefahrgut der Unterklasse 1.1 bis zu einer Nettoexplosivstoffmasse von 16 Tonnen transportieren. Dar\u00fcber hinaus k\u00f6nnen die Sattelz\u00fcge (Kofferauflieger mit EX III-Zulassung) seitlich ge\u00f6ffnet werden, so dass auch Langg\u00fcter wie Raketen oder Torpedos der ADR-Klasse 1 fachgerecht verladen werden k\u00f6nnen.<\/p>\n\n<p>Unser Service im Bereich Sprengstoffe umfasst z.B. die Beschaffung aller rechtlichen Voraussetzungen f\u00fcr den Transit der Ware durch das jeweilige Land und alle diesbez\u00fcglichen Beratungsleistungen, die Zollabfertigung, die Tourenplanung, den eigentlichen Stra\u00dfentransport, um nur einige Schritte zu nennen. Zusammenfassend l\u00e4sst sich sagen, dass wir f\u00fcr den Transport von Sprengstoffen in Europa einen umfassenden Service aus einer Hand anbieten. <\/p>\n\n<p class=\"has-normal-font-size\">Unsere Fahrzeuge werden sowohl f\u00fcr \u00f6ffentliche Auftraggeber als auch f\u00fcr private Unternehmen eingesetzt, die mit der Herstellung von oder dem Handel mit Explosivstoffen zu tun haben. Alle Fahrer sind hochqualifiziert, sowohl in der allgemeinen Ausbildung als auch in der Zusatzausbildung f\u00fcr explosive Stoffe mit dem ADR-Aufbaukurs Klasse 1 und f\u00fcr radioaktive Stoffe mit dem Aufbaukurs Klasse 7. Dar\u00fcber hinaus verf\u00fcgen alle unsere Fahrer \u00fcber eine Sprengstofferlaubnis nach \u00a720 des Sprengstoffgesetzes. Weitere Pr\u00fcfungen zur Zuverl\u00e4ssigkeit im Rahmen des vorbeugenden Sabotageschutzes werden durch das Ministerium durchgef\u00fchrt. Alle Fahrer haben auch eine Zuverl\u00e4ssigkeitserlaubnis f\u00fcr den Transport von verbotenen Waffen nach \u00a740 des Waffengesetzes. Dar\u00fcber hinaus steht Personal mit der gleichen Ausbildung wie die Fahrer f\u00fcr die Begleitung nichtdeutscher Fahrzeuge nach den deutschen gesetzlichen Vorgaben des Sprengstoffgesetz &#8211; SprengG, Waffengesetz &#8211; WaffG, Kriegswaffenkontrollgesetz &#8211; KrWaffKontrG zur Verf\u00fcgung.<\/p>\n\n<a name=\"military-transports\"><\/a>\r\n\n<h3 class=\"wp-block-heading\">Milit\u00e4rtransporte<\/h3>\n\n<p>Die Bef\u00f6rderung milit\u00e4rischer G\u00fcter umfasst den Transport und die Bef\u00f6rderung von milit\u00e4rischer Ausr\u00fcstung, Fahrzeugen, Munition und Nachschub, um die Einsatzbereitschaft der Streitkr\u00e4fte zu erh\u00f6hen. Dies umfasst ein breites Spektrum an logistischen Aktivit\u00e4ten, wie den Transport von schweren Maschinen und verpackter milit\u00e4rischer Ausr\u00fcstung und Munition.<br\/>Oberste Priorit\u00e4t hat f\u00fcr uns die Zufriedenheit unserer Kunden. Wir betreiben unsere Fahrzeugflotte in ganz Europa und arbeiten mit unseren zuverl\u00e4ssigen, langj\u00e4hrigen Partnern in der ganzen Welt zusammen, um eine zuverl\u00e4ssige Haus-zu-Haus-Zustellung milit\u00e4rischer G\u00fcter zu gew\u00e4hrleisten.<\/p>\n\n<p>Unsere weltweiten Kunden k\u00f6nnen durch unser umfangreiches Leistungsangebot milit\u00e4rische G\u00fcter schnell an den gew\u00fcnschten Ort transportieren. Dar\u00fcber hinaus bieten wir neben dem Transport auch die Lagerung von G\u00fctern in Deutschland an. Unser umfangreiches Serviceangebot bietet unseren Kunden eine Vielzahl von M\u00f6glichkeiten, wie z.B. <a href=\"https:\/\/www.hansalogistics.com\/de\/warehousing\/\">Lagerung<\/a>, Zwischenlagerung, Umladung, Kommissionierung und prompte Zustellung. W\u00e4hlen Sie die Option, die Ihren Bed\u00fcrfnissen am besten entspricht. Unsere mehr als 30-j\u00e4hrige Erfahrung macht dies alles m\u00f6glich.<\/p>\n\n<p>F\u00fcr den Transport von milit\u00e4rischen G\u00fctern ist eine besondere Sicherheit erforderlich. Wir garantieren einen sicheren Transport durch unsere <a href=\"https:\/\/www.hansalogistics.com\/de\/security-guarding\/\">bewaffneten oder unbewaffneten Begleitpersonen \/ Eskorten<\/a>.<\/p>\n\n<p>Unser <a href=\"https:\/\/www.hansalogistics.com\/de\/consultancy\/\">Beratungsteam<\/a> verwaltet milit\u00e4rische Ausnahme-, Transit-, Import- und Exportgenehmigungen, um einen reibungslosen Transport von Waren und G\u00fctern zu gew\u00e4hrleisten.<\/p>\n\n<p>Unsere Fahrer sind fachkundig ausgebildet mit ADR-Schein und Zusatzausbildung in Klasse 1 und 7. Au\u00dferdem besitzen sie den Bef\u00e4higungsnachweis nach \u00a7 20 SprengG. Um den hohen Standard unseres Kundenservices aufrechtzuerhalten, nehmen unsere Fahrer j\u00e4hrlich an Schulungen und Unterweisungen zum Umgang mit Gefahrgut und zur Gew\u00e4hrleistung von Sicherheitsprotokollen teil.<\/p>\n\n<a name=\"radioaktive-materialien-transport\"><\/a>\r\n\n<h3 class=\"wp-block-heading\">Transport von radioaktiven Materialien<\/h3>\n\n<p>Unsere Gefahrgutexperten sind auch f\u00fcr dieses Material geschult und lizenziert. Alle Fahrer haben die Lizenz f\u00fcr den Transport von radioaktivem Material. Unsere LKWs sind f\u00fcr die Anforderungen dieser Ladungen ausger\u00fcstet.<br\/>Der Seetransport und die Bef\u00f6rderung dieser G\u00fcter ist unser t\u00e4gliches Gesch\u00e4ft.<\/p>\n\n<hr class=\"wp-block-separator has-alpha-channel-opacity\"\/>\n\n<h2 class=\"wp-block-heading\">Intermodale Logistik<\/h2>\n\n<p>Abh\u00e4ngig von den speziellen Anforderungen an die Ladung sowie die Be- und Entladestellen kann der schienengebundene Transport von Containern mit Gefahrgut der Klasse 1 (Sprengstoffe) oder milit\u00e4rischer Ladung eine kosteng\u00fcnstige, umweltfreundliche und zeitsparende L\u00f6sung sein.<\/p>\n\n<p>Als einer der wenigen Anbieter in Deutschland verf\u00fcgt die hansa-express logistics GmbH \u00fcber umfangreiche Erfahrungen im Bahntransport von Feuerwerkscontainern in EU-L\u00e4nder wie D\u00e4nemark, Polen, Tschechien, \u00d6sterreich, Italien, Slowenien etc. und kann als unabh\u00e4ngiger Unternehmer im Kombinierten Verkehr auch ein ma\u00dfgeschneidertes Paket f\u00fcr Sprengstoffe, zivile und milit\u00e4rische R\u00fcstungsg\u00fcter, schwere oder \u00fcberdimensionale milit\u00e4rische Ladung oder Sperrgut anbieten.<\/p>\n\n<p>Je nach Umschlagplatz bringen wir Ihre Importcontainer ohne zeitraubende Umladevorg\u00e4nge direkt vom Schiff auf die Schiene.<\/p>\n\n<p>Die hansa-express logistics GmbH k\u00fcmmert sich um die Export- und Importverzollung sowie um die Abwicklung\/Beantragung aller Genehmigungen und Dokumente, die Terminaldienste und stellt den Haus-zu-Haus-Transport per LKW mit eigenem Fuhrpark und inl\u00e4ndischen Partnern sicher, wenn am Verlade- oder Zielort kein direkter Bahnanschluss vorhanden ist.<\/p>\n\n<h3 class=\"wp-block-heading\">Die Vorteile dieses Systems im Vergleich zu Transporten per Zubringer oder LKW sind<\/h3>\n\n<ul class=\"wp-block-list\">\n<li>Direkte Verbindung zu Seeh\u00e4fen in Germany<\/li>\n\n\n\n<li>Schnell und extrem zuverl\u00e4ssig <\/li>\n\n\n\n<li>Ganzzugsysteme<\/li>\n\n\n\n<li>Schwergewichtige Container bis zu 30to m\u00f6glich<\/li>\n\n\n\n<li>Ideal f\u00fcr Ro\/Ro Fracht (mit eigenem Antrieb &#8222;Roll on &#8211; Roll off&#8220;)<\/li>\n\n\n\n<li>Ma\u00dfgeschneiderte Transportkonzepte f\u00fcr z.B. milit\u00e4rische \u00dcbungen (Fahrzeuge + Container auf einem Zug)<\/li>\n\n\n\n<li>Hohe Anzahlen von Containern \/ Fracht auf einmal<\/li>\n\n\n\n<li>Hohe St\u00fcckgewichte, die im Nahverkehr mit sechsachsigen Containerfahrzeugen weiter ausgeliefert werden k\u00f6nnen<\/li>\n\n\n\n<li>Reduzierung des LKW-Fernverkehrs durch regionale Belieferung der Kunden durch lokale Transportfahrer<\/li>\n\n\n\n<li>Hohe Verkehrssicherheit durch die Anbindung an die Schiene<\/li>\n\n\n\n<li>Umweltvertr\u00e4glich und Ressourcen schonend: Der Schieneng\u00fcterverkehr gilt nach wie vor als der umweltfreundlichste Verkehrstr\u00e4ger \u00fcberhaupt. Die Umweltbelastung pro Tonnenkilometer betr\u00e4gt nur einen Bruchteil im Vergleich zum Lkw-Transport. Dar\u00fcber hinaus ist der Energieverbrauch deutlich geringer.<\/li>\n<\/ul>\n","protected":false},"excerpt":{"rendered":"<p>In Europa unterliegt der Landtransport von Sprengstoffen per LKW strengen Vorschriften und Sicherheitsstandards. hansa-express setzt daher eigene LKW ein, die den h\u00f6chsten europ\u00e4ischen Standards f\u00fcr den Transport von Sprengstoffen entsprechen. F\u00fcr den Transport von explosiven und radioaktiven Stoffen sind zus\u00e4tzliche Plaketten zur Kennzeichnung erforderlich. Dar\u00fcber hinaus sind die Fahrer verpflichtet, verschiedene Vorschriften in Bezug auf die Gestaltung und Ausr\u00fcstung des Transports, die Mengenangabe, die Ladungssicherung, die Verpackung, die Klassifizierung, die Kennzeichnung und die Dokumentation der Materialien zu beachten. Dar\u00fcber hinaus m\u00fcssen die Fahrer \u00fcber die erforderlichen Bescheinigungen verf\u00fcgen und eine umfassende Ausbildung absolvieren, um gef\u00e4hrliche, radioaktive und andere gef\u00e4hrliche Stoffe in Lastwagen oder anderen Transportfahrzeugen zu bef\u00f6rdern. Der Transport von explosiven Stoffen wird je nach Standort in Europa von verschiedenen staatlichen Beh\u00f6rden, der Polizei und anderen lokalen Beamten genau \u00fcberwacht. Diese Vorschriften und Kontrollen sollen den sicheren Transport von Sprengstoffen per LKW in Europa gew\u00e4hrleisten. F\u00fcr den Transport von Sprengstoffen verwenden wir eigene LKW, die nach den h\u00f6chsten Standards f\u00fcr den europ\u00e4ischen Sprengstofftransport (ADR) ausger\u00fcstet sind: Unsere Services beinhalten: Sprengstofftransport Alle von uns eingesetzten Fahrzeuge sind f\u00fcr den Transport von Gefahrgut der ADR-Klasse 1 zugelassen. Das hei\u00dft, sie sind nach den Anforderungen der EX II- oder EX III-Zulassung ausgestattet und zugelassen, was j\u00e4hrlich \u00fcberpr\u00fcft wird. Die Ladungssicherung nach DIN 2700 ff. ist f\u00fcr unsere Fahrer und Verlader Standard. Unsere LKW k\u00f6nnen Gefahrgut der Unterklasse 1.1 bis zu einer Nettoexplosivstoffmasse von 16 Tonnen transportieren. Dar\u00fcber hinaus k\u00f6nnen die Sattelz\u00fcge (Kofferauflieger mit EX III-Zulassung) seitlich ge\u00f6ffnet werden, so dass auch Langg\u00fcter wie Raketen oder Torpedos der ADR-Klasse 1 fachgerecht verladen werden k\u00f6nnen. Unser Service im Bereich Sprengstoffe umfasst z.B. die Beschaffung aller rechtlichen Voraussetzungen f\u00fcr den Transit der Ware durch das jeweilige Land und alle diesbez\u00fcglichen Beratungsleistungen, die Zollabfertigung, die Tourenplanung, den eigentlichen Stra\u00dfentransport, um nur einige Schritte zu nennen. Zusammenfassend l\u00e4sst sich sagen, dass wir f\u00fcr den Transport von Sprengstoffen in Europa einen umfassenden Service aus einer Hand anbieten. Unsere Fahrzeuge werden sowohl f\u00fcr \u00f6ffentliche Auftraggeber als auch f\u00fcr private Unternehmen eingesetzt, die mit der Herstellung von oder dem Handel mit Explosivstoffen zu tun haben. Alle Fahrer sind hochqualifiziert, sowohl in der allgemeinen Ausbildung als auch in der Zusatzausbildung f\u00fcr explosive Stoffe mit dem ADR-Aufbaukurs Klasse 1 und f\u00fcr radioaktive Stoffe mit dem Aufbaukurs Klasse 7. Dar\u00fcber hinaus verf\u00fcgen alle unsere Fahrer \u00fcber eine Sprengstofferlaubnis nach \u00a720 des Sprengstoffgesetzes. Weitere Pr\u00fcfungen zur Zuverl\u00e4ssigkeit im Rahmen des vorbeugenden Sabotageschutzes werden durch das Ministerium durchgef\u00fchrt. Alle Fahrer haben auch eine Zuverl\u00e4ssigkeitserlaubnis f\u00fcr den Transport von verbotenen Waffen nach \u00a740 des Waffengesetzes. Dar\u00fcber hinaus steht Personal mit der gleichen Ausbildung wie die Fahrer f\u00fcr die Begleitung nichtdeutscher Fahrzeuge nach den deutschen gesetzlichen Vorgaben des Sprengstoffgesetz &#8211; SprengG, Waffengesetz &#8211; WaffG, Kriegswaffenkontrollgesetz &#8211; KrWaffKontrG zur Verf\u00fcgung. Milit\u00e4rtransporte Die Bef\u00f6rderung milit\u00e4rischer G\u00fcter umfasst den Transport und die Bef\u00f6rderung von milit\u00e4rischer Ausr\u00fcstung, Fahrzeugen, Munition und Nachschub, um die Einsatzbereitschaft der Streitkr\u00e4fte zu erh\u00f6hen. Dies umfasst ein breites Spektrum an logistischen Aktivit\u00e4ten, wie den Transport von schweren Maschinen und verpackter milit\u00e4rischer Ausr\u00fcstung und Munition.Oberste Priorit\u00e4t hat f\u00fcr uns [&hellip;]<\/p>\n","protected":false},"author":1,"featured_media":0,"parent":0,"menu_order":40,"comment_status":"closed","ping_status":"closed","template":"","meta":{"_acf_changed":false,"footnotes":""},"class_list":["post-784","page","type-page","status-publish","hentry"],"acf":[],"yoast_head":"<!-- This site is optimized with the Yoast SEO plugin v27.0 - https:\/\/yoast.com\/product\/yoast-seo-wordpress\/ -->\n<title>Landtransport - hansa-express logistics GmbH<\/title>\n<meta name=\"description\" content=\"F\u00fcr den Transport von Sprengstoffen und radioaktiven Materialien verwenden wir eigene LKW, die nach den h\u00f6chsten Standards f\u00fcr den europ\u00e4ischen Sprengstofftransport (ADR) ausger\u00fcstet sind.\" \/>\n<meta name=\"robots\" content=\"index, follow, max-snippet:-1, max-image-preview:large, max-video-preview:-1\" \/>\n<link rel=\"canonical\" href=\"https:\/\/www.hansalogistics.com\/de\/land-transport\/\" \/>\n<meta property=\"og:locale\" content=\"de_DE\" \/>\n<meta property=\"og:type\" content=\"article\" \/>\n<meta property=\"og:title\" content=\"Landtransport - hansa-express logistics GmbH\" \/>\n<meta property=\"og:description\" content=\"F\u00fcr den Transport von Sprengstoffen und radioaktiven Materialien verwenden wir eigene LKW, die nach den h\u00f6chsten Standards f\u00fcr den europ\u00e4ischen Sprengstofftransport (ADR) ausger\u00fcstet sind.\" \/>\n<meta property=\"og:url\" content=\"https:\/\/www.hansalogistics.com\/de\/land-transport\/\" \/>\n<meta property=\"og:site_name\" content=\"hansa-express logistics GmbH\" \/>\n<meta property=\"article:modified_time\" content=\"2026-01-12T18:10:37+00:00\" \/>\n<meta name=\"twitter:card\" content=\"summary_large_image\" \/>\n<meta name=\"twitter:label1\" content=\"Gesch\u00e4tzte Lesezeit\" \/>\n\t<meta name=\"twitter:data1\" content=\"4\u00a0Minuten\" \/>\n<script type=\"application\/ld+json\" class=\"yoast-schema-graph\">{\"@context\":\"https:\/\/schema.org\",\"@graph\":[{\"@type\":\"WebPage\",\"@id\":\"https:\/\/www.hansalogistics.com\/de\/land-transport\/\",\"url\":\"https:\/\/www.hansalogistics.com\/de\/land-transport\/\",\"name\":\"Landtransport - hansa-express logistics GmbH\",\"isPartOf\":{\"@id\":\"https:\/\/www.hansalogistics.com\/de\/#website\"},\"datePublished\":\"2022-06-13T09:53:58+00:00\",\"dateModified\":\"2026-01-12T18:10:37+00:00\",\"description\":\"F\u00fcr den Transport von Sprengstoffen und radioaktiven Materialien verwenden wir eigene LKW, die nach den h\u00f6chsten Standards f\u00fcr den europ\u00e4ischen Sprengstofftransport (ADR) ausger\u00fcstet sind.\",\"breadcrumb\":{\"@id\":\"https:\/\/www.hansalogistics.com\/de\/land-transport\/#breadcrumb\"},\"inLanguage\":\"de\",\"potentialAction\":[{\"@type\":\"ReadAction\",\"target\":[\"https:\/\/www.hansalogistics.com\/de\/land-transport\/\"]}]},{\"@type\":\"BreadcrumbList\",\"@id\":\"https:\/\/www.hansalogistics.com\/de\/land-transport\/#breadcrumb\",\"itemListElement\":[{\"@type\":\"ListItem\",\"position\":1,\"name\":\"Startseite\",\"item\":\"https:\/\/www.hansalogistics.com\/de\/\"},{\"@type\":\"ListItem\",\"position\":2,\"name\":\"Landtransport\"}]},{\"@type\":\"WebSite\",\"@id\":\"https:\/\/www.hansalogistics.com\/de\/#website\",\"url\":\"https:\/\/www.hansalogistics.com\/de\/\",\"name\":\"hansa-express logistics GmbH\",\"description\":\"worldwide shipping of dangerous cargo\",\"publisher\":{\"@id\":\"https:\/\/www.hansalogistics.com\/de\/#organization\"},\"potentialAction\":[{\"@type\":\"SearchAction\",\"target\":{\"@type\":\"EntryPoint\",\"urlTemplate\":\"https:\/\/www.hansalogistics.com\/de\/?s={search_term_string}\"},\"query-input\":{\"@type\":\"PropertyValueSpecification\",\"valueRequired\":true,\"valueName\":\"search_term_string\"}}],\"inLanguage\":\"de\"},{\"@type\":\"Organization\",\"@id\":\"https:\/\/www.hansalogistics.com\/de\/#organization\",\"name\":\"hansa-express logistics GmbH\",\"url\":\"https:\/\/www.hansalogistics.com\/de\/\",\"logo\":{\"@type\":\"ImageObject\",\"inLanguage\":\"de\",\"@id\":\"https:\/\/www.hansalogistics.com\/de\/#\/schema\/logo\/image\/\",\"url\":\"https:\/\/www.hansalogistics.com\/wp-content\/uploads\/2022\/07\/cropped-logo_hansa-express-logistics.png\",\"contentUrl\":\"https:\/\/www.hansalogistics.com\/wp-content\/uploads\/2022\/07\/cropped-logo_hansa-express-logistics.png\",\"width\":650,\"height\":553,\"caption\":\"hansa-express logistics GmbH\"},\"image\":{\"@id\":\"https:\/\/www.hansalogistics.com\/de\/#\/schema\/logo\/image\/\"}}]}<\/script>\n<!-- \/ Yoast SEO plugin. -->","yoast_head_json":{"title":"Landtransport - hansa-express logistics GmbH","description":"F\u00fcr den Transport von Sprengstoffen und radioaktiven Materialien verwenden wir eigene LKW, die nach den h\u00f6chsten Standards f\u00fcr den europ\u00e4ischen Sprengstofftransport (ADR) ausger\u00fcstet sind.","robots":{"index":"index","follow":"follow","max-snippet":"max-snippet:-1","max-image-preview":"max-image-preview:large","max-video-preview":"max-video-preview:-1"},"canonical":"https:\/\/www.hansalogistics.com\/de\/land-transport\/","og_locale":"de_DE","og_type":"article","og_title":"Landtransport - hansa-express logistics GmbH","og_description":"F\u00fcr den Transport von Sprengstoffen und radioaktiven Materialien verwenden wir eigene LKW, die nach den h\u00f6chsten Standards f\u00fcr den europ\u00e4ischen Sprengstofftransport (ADR) ausger\u00fcstet sind.","og_url":"https:\/\/www.hansalogistics.com\/de\/land-transport\/","og_site_name":"hansa-express logistics GmbH","article_modified_time":"2026-01-12T18:10:37+00:00","twitter_card":"summary_large_image","twitter_misc":{"Gesch\u00e4tzte Lesezeit":"4\u00a0Minuten"},"schema":{"@context":"https:\/\/schema.org","@graph":[{"@type":"WebPage","@id":"https:\/\/www.hansalogistics.com\/de\/land-transport\/","url":"https:\/\/www.hansalogistics.com\/de\/land-transport\/","name":"Landtransport - hansa-express logistics GmbH","isPartOf":{"@id":"https:\/\/www.hansalogistics.com\/de\/#website"},"datePublished":"2022-06-13T09:53:58+00:00","dateModified":"2026-01-12T18:10:37+00:00","description":"F\u00fcr den Transport von Sprengstoffen und radioaktiven Materialien verwenden wir eigene LKW, die nach den h\u00f6chsten Standards f\u00fcr den europ\u00e4ischen Sprengstofftransport (ADR) ausger\u00fcstet sind.","breadcrumb":{"@id":"https:\/\/www.hansalogistics.com\/de\/land-transport\/#breadcrumb"},"inLanguage":"de","potentialAction":[{"@type":"ReadAction","target":["https:\/\/www.hansalogistics.com\/de\/land-transport\/"]}]},{"@type":"BreadcrumbList","@id":"https:\/\/www.hansalogistics.com\/de\/land-transport\/#breadcrumb","itemListElement":[{"@type":"ListItem","position":1,"name":"Startseite","item":"https:\/\/www.hansalogistics.com\/de\/"},{"@type":"ListItem","position":2,"name":"Landtransport"}]},{"@type":"WebSite","@id":"https:\/\/www.hansalogistics.com\/de\/#website","url":"https:\/\/www.hansalogistics.com\/de\/","name":"hansa-express logistics GmbH","description":"worldwide shipping of dangerous cargo","publisher":{"@id":"https:\/\/www.hansalogistics.com\/de\/#organization"},"potentialAction":[{"@type":"SearchAction","target":{"@type":"EntryPoint","urlTemplate":"https:\/\/www.hansalogistics.com\/de\/?s={search_term_string}"},"query-input":{"@type":"PropertyValueSpecification","valueRequired":true,"valueName":"search_term_string"}}],"inLanguage":"de"},{"@type":"Organization","@id":"https:\/\/www.hansalogistics.com\/de\/#organization","name":"hansa-express logistics GmbH","url":"https:\/\/www.hansalogistics.com\/de\/","logo":{"@type":"ImageObject","inLanguage":"de","@id":"https:\/\/www.hansalogistics.com\/de\/#\/schema\/logo\/image\/","url":"https:\/\/www.hansalogistics.com\/wp-content\/uploads\/2022\/07\/cropped-logo_hansa-express-logistics.png","contentUrl":"https:\/\/www.hansalogistics.com\/wp-content\/uploads\/2022\/07\/cropped-logo_hansa-express-logistics.png","width":650,"height":553,"caption":"hansa-express logistics GmbH"},"image":{"@id":"https:\/\/www.hansalogistics.com\/de\/#\/schema\/logo\/image\/"}}]}},"_links":{"self":[{"href":"https:\/\/www.hansalogistics.com\/de\/wp-json\/wp\/v2\/pages\/784","targetHints":{"allow":["GET"]}}],"collection":[{"href":"https:\/\/www.hansalogistics.com\/de\/wp-json\/wp\/v2\/pages"}],"about":[{"href":"https:\/\/www.hansalogistics.com\/de\/wp-json\/wp\/v2\/types\/page"}],"author":[{"embeddable":true,"href":"https:\/\/www.hansalogistics.com\/de\/wp-json\/wp\/v2\/users\/1"}],"replies":[{"embeddable":true,"href":"https:\/\/www.hansalogistics.com\/de\/wp-json\/wp\/v2\/comments?post=784"}],"version-history":[{"count":10,"href":"https:\/\/www.hansalogistics.com\/de\/wp-json\/wp\/v2\/pages\/784\/revisions"}],"predecessor-version":[{"id":1061,"href":"https:\/\/www.hansalogistics.com\/de\/wp-json\/wp\/v2\/pages\/784\/revisions\/1061"}],"wp:attachment":[{"href":"https:\/\/www.hansalogistics.com\/de\/wp-json\/wp\/v2\/media?parent=784"}],"curies":[{"name":"wp","href":"https:\/\/api.w.org\/{rel}","templated":true}]}}