{"id":785,"date":"2022-06-13T11:52:26","date_gmt":"2022-06-13T09:52:26","guid":{"rendered":"https:\/\/www.hansalogistics.com\/consultancy\/"},"modified":"2026-01-12T19:17:42","modified_gmt":"2026-01-12T18:17:42","slug":"consultancy","status":"publish","type":"page","link":"https:\/\/www.hansalogistics.com\/de\/consultancy\/","title":{"rendered":"Beratung"},"content":{"rendered":"\n<h2 class=\"wp-block-heading\">Weltweite Sprengstofflogistik<\/h2>\n\n<p>Profitieren Sie von unserem fundierten Know-how im weltweiten Versand von Gefahrg\u00fctern der Klasse 1 (Sprengstoffe), Klasse 7 (radioaktiv), zivilem und milit\u00e4rischem Verteidigungsequipment oder Sperrgut auch im Rahmen unserer Beratungsleistungen. Die globalen multimodalen Logistikl\u00f6sungen der hansa express logistics GmbH verbinden die Vorteile von See, Luft, Schiene, Stra\u00dfe und Lager.<\/p>\n\n<p>Unsere eigenen LKW und Zolllager in Deutschland sowie unser globales Netzwerk von Charter- oder Teilcharterschiffen, Linien- oder Charterfl\u00fcgen und inl\u00e4ndischen Partnern f\u00fcr den weltweiten T\u00fcr-zu-T\u00fcr-Transport erm\u00f6glichen den effizientesten Weg von der Abholung bis zum Versand an den Kunden.<br\/>Internationale, l\u00e4nder- oder hafenspezifische Gesetze, Verordnungen, Beschr\u00e4nkungen, Auflagen etc. sind beim Transport von Gefahrgut strikt zu beachten. Wir unterst\u00fctzen Sie bei all diesen Themen.<\/p>\n\n<p>Mit unserer mehr als 30-j\u00e4hrigen Erfahrung, unseren Zulassungen, Genehmigungen und unseren hochqualifizierten Mitarbeitern finden wir die f\u00fcr Ihre Bed\u00fcrfnisse am besten geeignete L\u00f6sung, die alle geltenden internationalen, europ\u00e4ischen und nationalen Vorschriften erf\u00fcllt.<\/p>\n\n<p>Zahlreiche namhafte Kunden sch\u00e4tzen unsere Leistungen insbesondere bei Gro\u00dfprojekten, wie z.B. von der Schiffsentladung \u00fcber eine Verschiffung mit mehreren bewachten LKW-Konvois oder direkt per Bahn zum Zielort.<br\/>Hierf\u00fcr stehen wir w\u00e4hrend der gesamten Transitzeit zur Verf\u00fcgung, von der Hafenabwicklung, den Zollformalit\u00e4ten, den polizeilichen Genehmigungen, der Erstellung von Transportdokumenten und Streckenvorschriften, der Begleitung, der Einhaltung von Pausen- und \u00dcbernachtungszeiten oder der Verpflegung der LKW-Fahrer bis zur sicheren \u00dcbergabe an der Entladestelle.<br\/>Ein weiteres Beispiel sind internationale Feuerwerkswettbewerbe wie &#8222;L&#8216; International des Feux Loto-Qu\u00e9bec&#8220; oder &#8222;Macao International Fireworks Display Contest&#8220;.<\/p>\n\n<p>Wir \u00fcbernehmen f\u00fcr Sie das gesamte Handling und die Zollformalit\u00e4ten, indem wir die Feuerwerksk\u00f6rper und das pyrotechnische Equipment bei den Teams in den jeweiligen europ\u00e4ischen L\u00e4ndern abholen, zum n\u00e4chstgelegenen Hafen oder in unser zertifiziertes Lager transportieren, die gesammelte Ware im Container verstauen und (ggf. mit lokalen Partnern) f\u00fcr eine sichere Ankunft an Ihrem Veranstaltungsort sorgen.<\/p>\n\n<h3 class=\"wp-block-heading\">Ihre Vorteile, wenn Sie uns als Ihren Beratungspartner w\u00e4hlen<\/h3>\n\n<ul class=\"wp-block-list\">\n<li>Alles aus einer Hand &#8211; alle Dienstleistungen in einem Unternehmen zentralisiert und auch einzeln buchbar<\/li>\n\n\n\n<li>Beschaffung von internationalen und europ\u00e4ischen Durchfuhrgenehmigungen sowie deutschen Durchfuhr- und Verbringungsgenehmigungen nach dem Sprengstoffgesetz &#8211; SprengG, Strahlenschutzgesetz &#8211; StrlSchG, Waffengesetz &#8211; WaffG, Kriegswaffenkontrollgesetz &#8211; KrWaffKontrG etc.<\/li>\n\n\n\n<li>Ausnahmegenehmigung f\u00fcr verbotene Waffen nach \u00a740 WaffG. hansa-express logistics GmbH ist als einer der wenigen Dienstleister in Deutschland im Besitz der vom BKA ausgestellten Ausnahmegenehmigung.<\/li>\n\n\n\n<li>Erstellung von Bef\u00f6rderungsdokumenten, die allen geltenden internationalen, europ\u00e4ischen und nationalen Gefahrgutvorschriften wie IMDG\/See, IATA\/Luft, ADR\/Stra\u00dfe, RID\/Schiene usw. entsprechen<\/li>\n\n\n\n<li>AEO-zertifiziert &#8211; wir erledigen Ihre Zollformalit\u00e4ten (Einfuhr, Ausfuhr, Durchfuhr usw.)<\/li>\n\n\n\n<li>Handeln als deutscher Hafenagent &#8211; wie z.B. zur Zahlung von Terminal Handling Charge (THC), ATB-Importzollreferenz, Containerfreigabe etc.<\/li>\n\n\n\n<li>Zolllager f\u00fcr IMO-Klasse 1 und 7 in Deutschland mit einer Kapazit\u00e4t von bis zu 3100to f\u00fcr die Nettoexplosivstoffklasse 1.1 und Platz f\u00fcr etwa 12.000 Paletten<\/li>\n\n\n\n<li>Sicherheit und bewaffnete Bewachung von Fahrzeugen<\/li>\n\n\n\n<li>Eigene LKW f\u00fcr europ\u00e4ische Transporte bis 16 to NEM, ausger\u00fcstet f\u00fcr die h\u00f6chsten Anforderungen im Sprengstofftransport (ADR EX II &amp; EX III) und st\u00e4ndig zertifizierte Fahrer mit ADR-Lizenz (inkl. Tank, Klasse 1 &amp; 7).<\/li>\n\n\n\n<li>Seefracht &amp; Luftfracht<\/li>\n\n\n\n<li>Eisenbahntransporte als selbst\u00e4ndiger Operateur<\/li>\n\n\n\n<li>Containerbeladung, Materialumschlag<\/li>\n<\/ul>\n\n<a name=\"Lizenzen\"><\/a>\r\n\n<h2 class=\"wp-block-heading\">Lizenzen &amp; Genehmigungen<\/h2>\n\n<p>Seit mehr als 30 Jahren bef\u00f6rdern wir gef\u00e4hrliche G\u00fcter der Klasse 1 (Sprengstoffe), der Klasse 7 (radioaktiv), zivile und milit\u00e4rische Verteidigungsg\u00fcter, verbotene Gegenst\u00e4nde usw.<br\/>Daher k\u00f6nnen Sie von unserer umfassenden Erfahrung in Bezug auf Genehmigungsverfahren, Genehmigungen und Lizenzen profitieren.<\/p>\n\n<h3 class=\"wp-block-heading\">Wir unterst\u00fctzen Sie bei der Vorbereitung, Bereitstellung und Beantragung von internationalen, europ\u00e4ischen und nationalen Genehmigungen.<\/h3>\n\n<ul class=\"wp-block-list\">\n<li>Durchfuhrgenehmigungen f\u00fcr Explosivstoffe wie z.B. Verbringungsgenehmigungen der BAM f\u00fcr die innergemeinschaftliche Bef\u00f6rderung von zivilen Explosivstoffen nach \u00a7 7 SprengG<\/li>\n\n\n\n<li>Durchfuhrgenehmigungen nach dem deutschen Waffengesetz (WaffG)<\/li>\n\n\n\n<li>Durchfuhrgenehmigungen f\u00fcr verbotene Waffen nach \u00a7 40 WaffG<\/li>\n\n\n\n<li>Durchfuhrgenehmigungen f\u00fcr milit\u00e4rische G\u00fcter nach dem Kriegswaffenkontrollgesetz (KrWaffKontrG)<\/li>\n\n\n\n<li>Bestimmung des Transportweges f\u00fcr gef\u00e4hrliche G\u00fcter nach GGVSEB &#8211; Fahrwegbestimmung <\/li>\n<\/ul>\n\n<p>Auch bei einer fehlenden CE-Klassifizierung oder der Erstellung einer rechtssicheren Gefahrgutdeklaration (DGD) unterst\u00fctzen wir Sie gerne.<\/p>\n\n<a name=\"zoll-service-aeo\"><\/a>\r\n\n<h2 class=\"wp-block-heading\">Zoll Service \u2013 AEO<\/h2>\n\n<p>Aufgrund unseres Status als zugelassener Wirtschaftsbeteiligter (AEO) k\u00f6nnen wir Ihre Zollformalit\u00e4ten erledigen und Ihre Waren unter Zollverschluss transportieren und lagern.<\/p>\n\n<h3 class=\"wp-block-heading\">Zollabfertigung<\/h3>\n\n<p>Die Zollabfertigung ist eine zeitkritische Schl\u00fcsselkomponente jeder durchg\u00e4ngigen Lieferkettenl\u00f6sung. Unsere lizenzierten Zollmakler sind mit der Komplexit\u00e4t der Zollvorschriften, Z\u00f6lle, Geb\u00fchren und Steuern vertraut und sorgen f\u00fcr einen reibungslosen Ablauf.<\/p>\n\n<h3 class=\"wp-block-heading\">Fiskalvertretung f\u00fcr EU-Kunden<\/h3>\n\n<p>Im Auftrag unserer EU-Kunden \u00fcbernehmen wir deren Umsatzsteuerverpflichtungen gegen\u00fcber den deutschen Finanzbeh\u00f6rden.<\/p>\n\n<h3 class=\"wp-block-heading\">Verarbeitungsmodalit\u00e4ten<\/h3>\n\n<ul class=\"wp-block-list\">\n<li>Aktive \u00dcberf\u00fchrung (Einfuhr zur Veredelung und Wiederausfuhr) Zollverfahren, bei dem eingef\u00fchrte Waren unter Befreiung von der Entrichtung von Z\u00f6llen veredelt werden k\u00f6nnen, wenn diese Waren zur Ausfuhr aus der Gemeinschaft bestimmt sind.<\/li>\n\n\n\n<li>Passive \u00dcberf\u00fchrung (Ausfuhr zur Veredelung und Wiedereinfuhr) Ausfuhr von Waren im Hinblick auf ihre anschlie\u00dfende Wiedereinfuhr nach Veredelung, Bearbeitung oder Ausbesserung.<\/li>\n<\/ul>\n\n<h3 class=\"wp-block-heading\">Vor\u00fcbergehende Verwahrung<\/h3>\n\n<p>90 Tage Lagerung von Nicht-Unionswaren gem\u00e4\u00df den Richtlinien der Zollbeh\u00f6rde in unserem Zolllager.<\/p>\n\n<h3 class=\"wp-block-heading\">Zolllager<\/h3>\n\n<p>Im Rahmen des Zolllagerverfahrens k\u00f6nnen Nicht-Unionswaren f\u00fcr einen unbegrenzten Zeitraum gelagert werden, ohne dass auf diese Waren Einfuhrabgaben erhoben oder handelspolitische Ma\u00dfnahmen angewendet werden (Beispiel: Einfuhrgenehmigungen).<\/p>\n\n<h3 class=\"wp-block-heading\">Import &#8211; Export &#8211; Transitabfertigung<\/h3>\n\n<p>Erstellung aller erforderlichen Dokumente wie Ausfuhrbegleitdokumente (ABD) oder f\u00fcr das T1-Verfahren (Versandverfahren) usw.<\/p>\n","protected":false},"excerpt":{"rendered":"<p>Weltweite Sprengstofflogistik Profitieren Sie von unserem fundierten Know-how im weltweiten Versand von Gefahrg\u00fctern der Klasse 1 (Sprengstoffe), Klasse 7 (radioaktiv), zivilem und milit\u00e4rischem Verteidigungsequipment oder Sperrgut auch im Rahmen unserer Beratungsleistungen. Die globalen multimodalen Logistikl\u00f6sungen der hansa express logistics GmbH verbinden die Vorteile von See, Luft, Schiene, Stra\u00dfe und Lager. Unsere eigenen LKW und Zolllager in Deutschland sowie unser globales Netzwerk von Charter- oder Teilcharterschiffen, Linien- oder Charterfl\u00fcgen und inl\u00e4ndischen Partnern f\u00fcr den weltweiten T\u00fcr-zu-T\u00fcr-Transport erm\u00f6glichen den effizientesten Weg von der Abholung bis zum Versand an den Kunden.Internationale, l\u00e4nder- oder hafenspezifische Gesetze, Verordnungen, Beschr\u00e4nkungen, Auflagen etc. sind beim Transport von Gefahrgut strikt zu beachten. Wir unterst\u00fctzen Sie bei all diesen Themen. Mit unserer mehr als 30-j\u00e4hrigen Erfahrung, unseren Zulassungen, Genehmigungen und unseren hochqualifizierten Mitarbeitern finden wir die f\u00fcr Ihre Bed\u00fcrfnisse am besten geeignete L\u00f6sung, die alle geltenden internationalen, europ\u00e4ischen und nationalen Vorschriften erf\u00fcllt. Zahlreiche namhafte Kunden sch\u00e4tzen unsere Leistungen insbesondere bei Gro\u00dfprojekten, wie z.B. von der Schiffsentladung \u00fcber eine Verschiffung mit mehreren bewachten LKW-Konvois oder direkt per Bahn zum Zielort.Hierf\u00fcr stehen wir w\u00e4hrend der gesamten Transitzeit zur Verf\u00fcgung, von der Hafenabwicklung, den Zollformalit\u00e4ten, den polizeilichen Genehmigungen, der Erstellung von Transportdokumenten und Streckenvorschriften, der Begleitung, der Einhaltung von Pausen- und \u00dcbernachtungszeiten oder der Verpflegung der LKW-Fahrer bis zur sicheren \u00dcbergabe an der Entladestelle.Ein weiteres Beispiel sind internationale Feuerwerkswettbewerbe wie &#8222;L&#8216; International des Feux Loto-Qu\u00e9bec&#8220; oder &#8222;Macao International Fireworks Display Contest&#8220;. Wir \u00fcbernehmen f\u00fcr Sie das gesamte Handling und die Zollformalit\u00e4ten, indem wir die Feuerwerksk\u00f6rper und das pyrotechnische Equipment bei den Teams in den jeweiligen europ\u00e4ischen L\u00e4ndern abholen, zum n\u00e4chstgelegenen Hafen oder in unser zertifiziertes Lager transportieren, die gesammelte Ware im Container verstauen und (ggf. mit lokalen Partnern) f\u00fcr eine sichere Ankunft an Ihrem Veranstaltungsort sorgen. Ihre Vorteile, wenn Sie uns als Ihren Beratungspartner w\u00e4hlen Lizenzen &amp; Genehmigungen Seit mehr als 30 Jahren bef\u00f6rdern wir gef\u00e4hrliche G\u00fcter der Klasse 1 (Sprengstoffe), der Klasse 7 (radioaktiv), zivile und milit\u00e4rische Verteidigungsg\u00fcter, verbotene Gegenst\u00e4nde usw.Daher k\u00f6nnen Sie von unserer umfassenden Erfahrung in Bezug auf Genehmigungsverfahren, Genehmigungen und Lizenzen profitieren. Wir unterst\u00fctzen Sie bei der Vorbereitung, Bereitstellung und Beantragung von internationalen, europ\u00e4ischen und nationalen Genehmigungen. Auch bei einer fehlenden CE-Klassifizierung oder der Erstellung einer rechtssicheren Gefahrgutdeklaration (DGD) unterst\u00fctzen wir Sie gerne. Zoll Service \u2013 AEO Aufgrund unseres Status als zugelassener Wirtschaftsbeteiligter (AEO) k\u00f6nnen wir Ihre Zollformalit\u00e4ten erledigen und Ihre Waren unter Zollverschluss transportieren und lagern. Zollabfertigung Die Zollabfertigung ist eine zeitkritische Schl\u00fcsselkomponente jeder durchg\u00e4ngigen Lieferkettenl\u00f6sung. Unsere lizenzierten Zollmakler sind mit der Komplexit\u00e4t der Zollvorschriften, Z\u00f6lle, Geb\u00fchren und Steuern vertraut und sorgen f\u00fcr einen reibungslosen Ablauf. Fiskalvertretung f\u00fcr EU-Kunden Im Auftrag unserer EU-Kunden \u00fcbernehmen wir deren Umsatzsteuerverpflichtungen gegen\u00fcber den deutschen Finanzbeh\u00f6rden. Verarbeitungsmodalit\u00e4ten Vor\u00fcbergehende Verwahrung 90 Tage Lagerung von Nicht-Unionswaren gem\u00e4\u00df den Richtlinien der Zollbeh\u00f6rde in unserem Zolllager. Zolllager Im Rahmen des Zolllagerverfahrens k\u00f6nnen Nicht-Unionswaren f\u00fcr einen unbegrenzten Zeitraum gelagert werden, ohne dass auf diese Waren Einfuhrabgaben erhoben oder handelspolitische Ma\u00dfnahmen angewendet werden (Beispiel: Einfuhrgenehmigungen). Import &#8211; Export &#8211; Transitabfertigung Erstellung aller erforderlichen Dokumente wie Ausfuhrbegleitdokumente (ABD) oder f\u00fcr das T1-Verfahren (Versandverfahren) usw.<\/p>\n","protected":false},"author":1,"featured_media":0,"parent":0,"menu_order":30,"comment_status":"closed","ping_status":"closed","template":"","meta":{"_acf_changed":false,"footnotes":""},"class_list":["post-785","page","type-page","status-publish","hentry"],"acf":[],"yoast_head":"<!-- This site is optimized with the Yoast SEO plugin v27.0 - https:\/\/yoast.com\/product\/yoast-seo-wordpress\/ -->\n<title>Beratung - hansa-express logistics GmbH<\/title>\n<meta name=\"description\" content=\"Die globalen, multimodalen Logistikl\u00f6sungen der hansa-express logistics GmbH verbinden die Vorteile von See, Luft, Schiene, Stra\u00dfe und Lager.\" \/>\n<meta name=\"robots\" content=\"index, follow, max-snippet:-1, max-image-preview:large, max-video-preview:-1\" \/>\n<link rel=\"canonical\" href=\"https:\/\/www.hansalogistics.com\/de\/consultancy\/\" \/>\n<meta property=\"og:locale\" content=\"de_DE\" \/>\n<meta property=\"og:type\" content=\"article\" \/>\n<meta property=\"og:title\" content=\"Beratung - hansa-express logistics GmbH\" \/>\n<meta property=\"og:description\" content=\"Die globalen, multimodalen Logistikl\u00f6sungen der hansa-express logistics GmbH verbinden die Vorteile von See, Luft, Schiene, Stra\u00dfe und Lager.\" \/>\n<meta property=\"og:url\" content=\"https:\/\/www.hansalogistics.com\/de\/consultancy\/\" \/>\n<meta property=\"og:site_name\" content=\"hansa-express logistics GmbH\" \/>\n<meta property=\"article:modified_time\" content=\"2026-01-12T18:17:42+00:00\" \/>\n<meta name=\"twitter:card\" content=\"summary_large_image\" \/>\n<meta name=\"twitter:label1\" content=\"Gesch\u00e4tzte Lesezeit\" \/>\n\t<meta name=\"twitter:data1\" content=\"5\u00a0Minuten\" \/>\n<script type=\"application\/ld+json\" class=\"yoast-schema-graph\">{\"@context\":\"https:\/\/schema.org\",\"@graph\":[{\"@type\":\"WebPage\",\"@id\":\"https:\/\/www.hansalogistics.com\/de\/consultancy\/\",\"url\":\"https:\/\/www.hansalogistics.com\/de\/consultancy\/\",\"name\":\"Beratung - hansa-express logistics GmbH\",\"isPartOf\":{\"@id\":\"https:\/\/www.hansalogistics.com\/de\/#website\"},\"datePublished\":\"2022-06-13T09:52:26+00:00\",\"dateModified\":\"2026-01-12T18:17:42+00:00\",\"description\":\"Die globalen, multimodalen Logistikl\u00f6sungen der hansa-express logistics GmbH verbinden die Vorteile von See, Luft, Schiene, Stra\u00dfe und Lager.\",\"breadcrumb\":{\"@id\":\"https:\/\/www.hansalogistics.com\/de\/consultancy\/#breadcrumb\"},\"inLanguage\":\"de\",\"potentialAction\":[{\"@type\":\"ReadAction\",\"target\":[\"https:\/\/www.hansalogistics.com\/de\/consultancy\/\"]}]},{\"@type\":\"BreadcrumbList\",\"@id\":\"https:\/\/www.hansalogistics.com\/de\/consultancy\/#breadcrumb\",\"itemListElement\":[{\"@type\":\"ListItem\",\"position\":1,\"name\":\"Startseite\",\"item\":\"https:\/\/www.hansalogistics.com\/de\/\"},{\"@type\":\"ListItem\",\"position\":2,\"name\":\"Beratung\"}]},{\"@type\":\"WebSite\",\"@id\":\"https:\/\/www.hansalogistics.com\/de\/#website\",\"url\":\"https:\/\/www.hansalogistics.com\/de\/\",\"name\":\"hansa-express logistics GmbH\",\"description\":\"worldwide shipping of dangerous cargo\",\"publisher\":{\"@id\":\"https:\/\/www.hansalogistics.com\/de\/#organization\"},\"potentialAction\":[{\"@type\":\"SearchAction\",\"target\":{\"@type\":\"EntryPoint\",\"urlTemplate\":\"https:\/\/www.hansalogistics.com\/de\/?s={search_term_string}\"},\"query-input\":{\"@type\":\"PropertyValueSpecification\",\"valueRequired\":true,\"valueName\":\"search_term_string\"}}],\"inLanguage\":\"de\"},{\"@type\":\"Organization\",\"@id\":\"https:\/\/www.hansalogistics.com\/de\/#organization\",\"name\":\"hansa-express logistics GmbH\",\"url\":\"https:\/\/www.hansalogistics.com\/de\/\",\"logo\":{\"@type\":\"ImageObject\",\"inLanguage\":\"de\",\"@id\":\"https:\/\/www.hansalogistics.com\/de\/#\/schema\/logo\/image\/\",\"url\":\"https:\/\/www.hansalogistics.com\/wp-content\/uploads\/2022\/07\/cropped-logo_hansa-express-logistics.png\",\"contentUrl\":\"https:\/\/www.hansalogistics.com\/wp-content\/uploads\/2022\/07\/cropped-logo_hansa-express-logistics.png\",\"width\":650,\"height\":553,\"caption\":\"hansa-express logistics GmbH\"},\"image\":{\"@id\":\"https:\/\/www.hansalogistics.com\/de\/#\/schema\/logo\/image\/\"}}]}<\/script>\n<!-- \/ Yoast SEO plugin. -->","yoast_head_json":{"title":"Beratung - hansa-express logistics GmbH","description":"Die globalen, multimodalen Logistikl\u00f6sungen der hansa-express logistics GmbH verbinden die Vorteile von See, Luft, Schiene, Stra\u00dfe und Lager.","robots":{"index":"index","follow":"follow","max-snippet":"max-snippet:-1","max-image-preview":"max-image-preview:large","max-video-preview":"max-video-preview:-1"},"canonical":"https:\/\/www.hansalogistics.com\/de\/consultancy\/","og_locale":"de_DE","og_type":"article","og_title":"Beratung - hansa-express logistics GmbH","og_description":"Die globalen, multimodalen Logistikl\u00f6sungen der hansa-express logistics GmbH verbinden die Vorteile von See, Luft, Schiene, Stra\u00dfe und Lager.","og_url":"https:\/\/www.hansalogistics.com\/de\/consultancy\/","og_site_name":"hansa-express logistics GmbH","article_modified_time":"2026-01-12T18:17:42+00:00","twitter_card":"summary_large_image","twitter_misc":{"Gesch\u00e4tzte Lesezeit":"5\u00a0Minuten"},"schema":{"@context":"https:\/\/schema.org","@graph":[{"@type":"WebPage","@id":"https:\/\/www.hansalogistics.com\/de\/consultancy\/","url":"https:\/\/www.hansalogistics.com\/de\/consultancy\/","name":"Beratung - hansa-express logistics GmbH","isPartOf":{"@id":"https:\/\/www.hansalogistics.com\/de\/#website"},"datePublished":"2022-06-13T09:52:26+00:00","dateModified":"2026-01-12T18:17:42+00:00","description":"Die globalen, multimodalen Logistikl\u00f6sungen der hansa-express logistics GmbH verbinden die Vorteile von See, Luft, Schiene, Stra\u00dfe und Lager.","breadcrumb":{"@id":"https:\/\/www.hansalogistics.com\/de\/consultancy\/#breadcrumb"},"inLanguage":"de","potentialAction":[{"@type":"ReadAction","target":["https:\/\/www.hansalogistics.com\/de\/consultancy\/"]}]},{"@type":"BreadcrumbList","@id":"https:\/\/www.hansalogistics.com\/de\/consultancy\/#breadcrumb","itemListElement":[{"@type":"ListItem","position":1,"name":"Startseite","item":"https:\/\/www.hansalogistics.com\/de\/"},{"@type":"ListItem","position":2,"name":"Beratung"}]},{"@type":"WebSite","@id":"https:\/\/www.hansalogistics.com\/de\/#website","url":"https:\/\/www.hansalogistics.com\/de\/","name":"hansa-express logistics GmbH","description":"worldwide shipping of dangerous cargo","publisher":{"@id":"https:\/\/www.hansalogistics.com\/de\/#organization"},"potentialAction":[{"@type":"SearchAction","target":{"@type":"EntryPoint","urlTemplate":"https:\/\/www.hansalogistics.com\/de\/?s={search_term_string}"},"query-input":{"@type":"PropertyValueSpecification","valueRequired":true,"valueName":"search_term_string"}}],"inLanguage":"de"},{"@type":"Organization","@id":"https:\/\/www.hansalogistics.com\/de\/#organization","name":"hansa-express logistics GmbH","url":"https:\/\/www.hansalogistics.com\/de\/","logo":{"@type":"ImageObject","inLanguage":"de","@id":"https:\/\/www.hansalogistics.com\/de\/#\/schema\/logo\/image\/","url":"https:\/\/www.hansalogistics.com\/wp-content\/uploads\/2022\/07\/cropped-logo_hansa-express-logistics.png","contentUrl":"https:\/\/www.hansalogistics.com\/wp-content\/uploads\/2022\/07\/cropped-logo_hansa-express-logistics.png","width":650,"height":553,"caption":"hansa-express logistics GmbH"},"image":{"@id":"https:\/\/www.hansalogistics.com\/de\/#\/schema\/logo\/image\/"}}]}},"_links":{"self":[{"href":"https:\/\/www.hansalogistics.com\/de\/wp-json\/wp\/v2\/pages\/785","targetHints":{"allow":["GET"]}}],"collection":[{"href":"https:\/\/www.hansalogistics.com\/de\/wp-json\/wp\/v2\/pages"}],"about":[{"href":"https:\/\/www.hansalogistics.com\/de\/wp-json\/wp\/v2\/types\/page"}],"author":[{"embeddable":true,"href":"https:\/\/www.hansalogistics.com\/de\/wp-json\/wp\/v2\/users\/1"}],"replies":[{"embeddable":true,"href":"https:\/\/www.hansalogistics.com\/de\/wp-json\/wp\/v2\/comments?post=785"}],"version-history":[{"count":9,"href":"https:\/\/www.hansalogistics.com\/de\/wp-json\/wp\/v2\/pages\/785\/revisions"}],"predecessor-version":[{"id":1063,"href":"https:\/\/www.hansalogistics.com\/de\/wp-json\/wp\/v2\/pages\/785\/revisions\/1063"}],"wp:attachment":[{"href":"https:\/\/www.hansalogistics.com\/de\/wp-json\/wp\/v2\/media?parent=785"}],"curies":[{"name":"wp","href":"https:\/\/api.w.org\/{rel}","templated":true}]}}