{"id":786,"date":"2022-06-13T11:50:50","date_gmt":"2022-06-13T09:50:50","guid":{"rendered":"https:\/\/www.hansalogistics.com\/air-freight\/"},"modified":"2024-09-12T15:28:09","modified_gmt":"2024-09-12T13:28:09","slug":"air-freight","status":"publish","type":"page","link":"https:\/\/www.hansalogistics.com\/de\/air-freight\/","title":{"rendered":"Luftfracht"},"content":{"rendered":"\n<p>hansa-express transportiert eine Vielzahl von Frachtg\u00fctern, einschlie\u00dflich St\u00fcckgut, Waffen, Munition und gef\u00e4hrlichen G\u00fctern. Unser Schwerpunkt liegt auf den gef\u00e4hrlichen G\u00fctern der IATA-Klassen 1 und 7. Beim Transport von gef\u00e4hrlichen G\u00fctern der IATA-Klasse 1 gibt es zwei M\u00f6glichkeiten: Unser Schwerpunkt liegt auf den gef\u00e4hrlichen G\u00fctern der IATA-Klassen 1 und 7. Beim Transport von gef\u00e4hrlichen G\u00fctern der IATA-Klasse 1 gibt es zwei M\u00f6glichkeiten: Unser Schwerpunkt liegt auf den gef\u00e4hrlichen G\u00fctern der IATA-Klassen 1 und 7. Beim Transport von gef\u00e4hrlichen G\u00fctern der IATA-Klasse 1 gibt es zwei M\u00f6glichkeiten: Die internationalen IATA-Vorschriften legen fest, welche UN-Nummern bef\u00f6rdert werden d\u00fcrfen und welche streng verboten sind. Diese UN-Nummern umfassen haupts\u00e4chlich G\u00fcter der IATA-Gefahrgutklasse 1.4. Die Klassen 1.1, 1.2 und 1.3 stellen einen besonderen Teil der Gefahrg\u00fcter in der Luftfracht dar und werden in der Regel au\u00dferhalb der IATA-Vorschriften in Luftfrachtchartern bef\u00f6rdert. Es ist wichtig, \u00dcberflugrechte zu sichern und nationale sowie internationale Vorschriften beim \u00dcberflug oder im Bestimmungsland zu ber\u00fccksichtigen. Zudem sollten die Vorschriften f\u00fcr Verpackung und \u00dcbergabe mit gro\u00dfer Sorgfalt beachtet werden. Eine Luftfrachtsendung wird vor der Durchf\u00fchrung intensiv gepr\u00fcft. hansa-express wickelt sowohl Linienverkehre nach IATA als auch Charterfl\u00fcge ab, vom kleinstm\u00f6glichen Flugzeug bis hin zum Airbus.<\/p>\n\n<h2 class=\"wp-block-heading\">Unsere Spezialit\u00e4ten<\/h2>\n\n<ul class=\"wp-block-list\">\n<li>Weltweiter Transport T\u00fcr- zu &#8211; T\u00fcr<\/li>\n\n\n\n<li>Zolldokumentationsservice<\/li>\n\n\n\n<li>Beantragung von Genehmigungen f\u00fcr Waffentransporte (einschlie\u00dflich milit\u00e4rischer Lizenzen und verbotene Waffen)<\/li>\n\n\n\n<li>Radioaktivtransporte (IMO\/IATA-Klasse 7), einschlie\u00dflich Abholung und bei Bedarf von T\u00fcr zu T\u00fcr<\/li>\n\n\n\n<li>Explosionsgef\u00e4hrliche G\u00fcter (IMO\/IATA Klasse 1) alle Genehmigungen vorhanden, einschlie\u00dflich KWKG und &#8222;verbotene Waffen und Munition&#8220;<\/li>\n\n\n\n<li>Linien- und Charterfl\u00fcge (Split- \/ Teil- \/ Vollcharter)<\/li>\n\n\n\n<li>L\u00f6sungen f\u00fcr IMO\/IATA &#8222;verbotene Ladung&#8220; au\u00dfer Klasse 1<\/li>\n<\/ul>\n\n<a name=\"aircraft-chartering\"><\/a>\r\n\n<h2 class=\"wp-block-heading\">Aircraft Chartering<\/h2>\n\n<p>Wenn Sie spezielle gef\u00e4hrliche G\u00fcter, wie IMO Klasse 1, \u00fcbergro\u00dfe oder sehr dringende, zeitkritische G\u00fcter transportieren wollen, die mit regul\u00e4ren Fl\u00fcgen nicht abgefertigt werden k\u00f6nnen, arbeiten wir mit Ihnen zusammen, um die beste Frachtcharterl\u00f6sung zu finden.<\/p>\n\n<p>Zum Beispiel im Rahmen unserer Split- und Teilcharterdienste oder mit einem Vollcharterflugzeug exklusiv f\u00fcr Ihre Sendung von A nach B, angepasst in Gr\u00f6\u00dfe und Ausstattung an die Anforderungen Ihrer Fracht. Auch Ziele, die von Linienfl\u00fcgen nicht bedient werden, k\u00f6nnen erreicht werden.<\/p>\n\n<a name=\"cross-booking\"><\/a>\r\n\n<h2 class=\"wp-block-heading\">Cross Booking<\/h2>\n\n<h3 class=\"wp-block-heading\">hansa-express logistics GmbH k\u00fcmmert sich um den vollst\u00e4ndigen Prozess<\/h3>\n\n<ul class=\"wp-block-list\">\n<li>Vor-und Nachlauf\u00a0<\/li>\n\n\n\n<li>Flughafen-zu-Flughafen Transport,\u00a0<\/li>\n\n\n\n<li>Ausfuhr- und Einfuhrzollabfertigung,<\/li>\n\n\n\n<li>fiscal briefings und\u00a0<\/li>\n\n\n\n<li>andere zollrelevante Verfahren <\/li>\n\n\n\n<li>Bearbeitung\/Beantragung aller Genehmigungen und Unterlagen.<\/li>\n<\/ul>\n\n<p>Unser globales Netz inl\u00e4ndischer Partner gew\u00e4hrleistet, dass Ihre Waren \u00fcberall auf der Welt von T\u00fcr zu T\u00fcr geliefert werden k\u00f6nnen.<\/p>\n\n<a name=\"pax-cargo\"><\/a>\r\n\n<h2 class=\"wp-block-heading\">PAX &amp; Cargo<\/h2>\n\n<p>Diese Versandart ist immer noch die schnellste, aber leider auch sehr oft die teuerste und am st\u00e4rksten reglementierte Transportl\u00f6sung.<\/p>\n\n<p>Zum Schutz der Passagiere, des Linienverkehrs und der Flugh\u00e4fen m\u00fcssen bei der Luftfracht strenge Vorschriften eingehalten werden, die von der Internationalen Zivilluftfahrt-Organisation (ICAO) erlassen und von der International Air Transport Association (IATA) als Gefahrgutvorschriften (DGR) ver\u00f6ffentlicht wurden.<\/p>\n\n<p>Es ist unerl\u00e4sslich, diese Vorschriften einzuhalten. Dies beginnt bei der Auswahl des Fluges, geht \u00fcber die Verpackung, Kennzeichnung, bis hin zur Erstellung der Dokumente sowie der \u00dcbergabe im &#8222;gesicherten&#8220; Zustand. Diese Arbeiten m\u00fcssen pr\u00e4zise ausgef\u00fchrt werden, da jede Abweichung \/ jeder Fehler die Zur\u00fcckweisung der gesamten Sendung zur Folge hat.<\/p>\n\n<p>Die in den IATA DGR angegebenen H\u00f6chstmengen geben an, ob die verschiedenen gef\u00e4hrlichen G\u00fcter auf &#8222;Passenger Aircraft&#8220; (PAX) Fl\u00fcgen oder nur auf &#8222;Cargo Aircraft Only&#8220; (CAO) Fl\u00fcgen bef\u00f6rdert werden d\u00fcrfen. Einige G\u00fcter sind f\u00fcr den Lufttransport komplett gesperrt (Forbidden).&#13;\n<a href=\"https:\/\/www.hansalogistics.com\/wp-content\/uploads\/2023\/02\/shippers_declaration.pdf\" data-type=\"attachment\" data-id=\"721\">Download Shippers Declaration<\/a><\/p>\n\n<p>Dar\u00fcber hinaus d\u00fcrfen bestimmte gef\u00e4hrliche G\u00fcter nicht mit anderen G\u00fctern kombiniert werden. Die DGR schreibt auch eine besondere Verpackungs- und Kennzeichnungspflicht vor. UN-Gefahrgutklasse, Gefahrstoffbezeichnung, Verpackungsgruppe, Verpackungshinweise und Nettof\u00fcllmenge m\u00fcssen deutlich sichtbar sein.<\/p>\n\n<p>hansa-express logistics GmbH ist spezialisiert auf den Im- und Export von Gefahrg\u00fctern der IATA-Klassen 1 (Explosivstoffe) &amp; 7 (radioaktiv) und zivilem oder milit\u00e4rischem Verteidigungsequipment per Luftfracht. Unsere Experten sind mit den geltenden Vorschriften bestens vertraut und werden \u00fcber alle Gesetzes\u00e4nderungen informiert.<\/p>\n\n<p>Wir transportieren Ihre Fracht nicht nur sicher um die Welt, sondern unterst\u00fctzen Sie auch bei der Einhaltung der zahlreichen Anforderungen und Regulation, die zu beachten sind, von der Verpackung bis zur Gefahrgutdeklaration usw.<\/p>\n","protected":false},"excerpt":{"rendered":"<p>hansa-express transportiert eine Vielzahl von Frachtg\u00fctern, einschlie\u00dflich St\u00fcckgut, Waffen, Munition und gef\u00e4hrlichen G\u00fctern. Unser Schwerpunkt liegt auf den gef\u00e4hrlichen G\u00fctern der IATA-Klassen 1 und 7. Beim Transport von gef\u00e4hrlichen G\u00fctern der IATA-Klasse 1 gibt es zwei M\u00f6glichkeiten: Unser Schwerpunkt liegt auf den gef\u00e4hrlichen G\u00fctern der IATA-Klassen 1 und 7. Beim Transport von gef\u00e4hrlichen G\u00fctern der IATA-Klasse 1 gibt es zwei M\u00f6glichkeiten: Unser Schwerpunkt liegt auf den gef\u00e4hrlichen G\u00fctern der IATA-Klassen 1 und 7. Beim Transport von gef\u00e4hrlichen G\u00fctern der IATA-Klasse 1 gibt es zwei M\u00f6glichkeiten: Die internationalen IATA-Vorschriften legen fest, welche UN-Nummern bef\u00f6rdert werden d\u00fcrfen und welche streng verboten sind. Diese UN-Nummern umfassen haupts\u00e4chlich G\u00fcter der IATA-Gefahrgutklasse 1.4. Die Klassen 1.1, 1.2 und 1.3 stellen einen besonderen Teil der Gefahrg\u00fcter in der Luftfracht dar und werden in der Regel au\u00dferhalb der IATA-Vorschriften in Luftfrachtchartern bef\u00f6rdert. Es ist wichtig, \u00dcberflugrechte zu sichern und nationale sowie internationale Vorschriften beim \u00dcberflug oder im Bestimmungsland zu ber\u00fccksichtigen. Zudem sollten die Vorschriften f\u00fcr Verpackung und \u00dcbergabe mit gro\u00dfer Sorgfalt beachtet werden. Eine Luftfrachtsendung wird vor der Durchf\u00fchrung intensiv gepr\u00fcft. hansa-express wickelt sowohl Linienverkehre nach IATA als auch Charterfl\u00fcge ab, vom kleinstm\u00f6glichen Flugzeug bis hin zum Airbus. Unsere Spezialit\u00e4ten Aircraft Chartering Wenn Sie spezielle gef\u00e4hrliche G\u00fcter, wie IMO Klasse 1, \u00fcbergro\u00dfe oder sehr dringende, zeitkritische G\u00fcter transportieren wollen, die mit regul\u00e4ren Fl\u00fcgen nicht abgefertigt werden k\u00f6nnen, arbeiten wir mit Ihnen zusammen, um die beste Frachtcharterl\u00f6sung zu finden. Zum Beispiel im Rahmen unserer Split- und Teilcharterdienste oder mit einem Vollcharterflugzeug exklusiv f\u00fcr Ihre Sendung von A nach B, angepasst in Gr\u00f6\u00dfe und Ausstattung an die Anforderungen Ihrer Fracht. Auch Ziele, die von Linienfl\u00fcgen nicht bedient werden, k\u00f6nnen erreicht werden. Cross Booking hansa-express logistics GmbH k\u00fcmmert sich um den vollst\u00e4ndigen Prozess Unser globales Netz inl\u00e4ndischer Partner gew\u00e4hrleistet, dass Ihre Waren \u00fcberall auf der Welt von T\u00fcr zu T\u00fcr geliefert werden k\u00f6nnen. PAX &amp; Cargo Diese Versandart ist immer noch die schnellste, aber leider auch sehr oft die teuerste und am st\u00e4rksten reglementierte Transportl\u00f6sung. Zum Schutz der Passagiere, des Linienverkehrs und der Flugh\u00e4fen m\u00fcssen bei der Luftfracht strenge Vorschriften eingehalten werden, die von der Internationalen Zivilluftfahrt-Organisation (ICAO) erlassen und von der International Air Transport Association (IATA) als Gefahrgutvorschriften (DGR) ver\u00f6ffentlicht wurden. Es ist unerl\u00e4sslich, diese Vorschriften einzuhalten. Dies beginnt bei der Auswahl des Fluges, geht \u00fcber die Verpackung, Kennzeichnung, bis hin zur Erstellung der Dokumente sowie der \u00dcbergabe im &#8222;gesicherten&#8220; Zustand. Diese Arbeiten m\u00fcssen pr\u00e4zise ausgef\u00fchrt werden, da jede Abweichung \/ jeder Fehler die Zur\u00fcckweisung der gesamten Sendung zur Folge hat. Die in den IATA DGR angegebenen H\u00f6chstmengen geben an, ob die verschiedenen gef\u00e4hrlichen G\u00fcter auf &#8222;Passenger Aircraft&#8220; (PAX) Fl\u00fcgen oder nur auf &#8222;Cargo Aircraft Only&#8220; (CAO) Fl\u00fcgen bef\u00f6rdert werden d\u00fcrfen. Einige G\u00fcter sind f\u00fcr den Lufttransport komplett gesperrt (Forbidden).&#13; Download Shippers Declaration Dar\u00fcber hinaus d\u00fcrfen bestimmte gef\u00e4hrliche G\u00fcter nicht mit anderen G\u00fctern kombiniert werden. Die DGR schreibt auch eine besondere Verpackungs- und Kennzeichnungspflicht vor. UN-Gefahrgutklasse, Gefahrstoffbezeichnung, Verpackungsgruppe, Verpackungshinweise und Nettof\u00fcllmenge m\u00fcssen deutlich sichtbar sein. hansa-express logistics GmbH ist spezialisiert auf den Im- und Export von Gefahrg\u00fctern der IATA-Klassen [&hellip;]<\/p>\n","protected":false},"author":1,"featured_media":0,"parent":0,"menu_order":20,"comment_status":"closed","ping_status":"closed","template":"","meta":{"_acf_changed":false,"footnotes":""},"class_list":["post-786","page","type-page","status-publish","hentry"],"acf":[],"yoast_head":"<!-- This site is optimized with the Yoast SEO plugin v27.0 - https:\/\/yoast.com\/product\/yoast-seo-wordpress\/ -->\n<title>Luftfracht - hansa-express logistics GmbH<\/title>\n<meta name=\"description\" content=\"Wir k\u00f6nnen jede Art von Fracht transportieren: von St\u00fcckgut \u00fcber Waffen und Munition bis hin zu milit\u00e4rischem Material und Gefahrgut.\" \/>\n<meta name=\"robots\" content=\"index, follow, max-snippet:-1, max-image-preview:large, max-video-preview:-1\" \/>\n<link rel=\"canonical\" href=\"https:\/\/www.hansalogistics.com\/de\/air-freight\/\" \/>\n<meta property=\"og:locale\" content=\"de_DE\" \/>\n<meta property=\"og:type\" content=\"article\" \/>\n<meta property=\"og:title\" content=\"Luftfracht - hansa-express logistics GmbH\" \/>\n<meta property=\"og:description\" content=\"Wir k\u00f6nnen jede Art von Fracht transportieren: von St\u00fcckgut \u00fcber Waffen und Munition bis hin zu milit\u00e4rischem Material und Gefahrgut.\" \/>\n<meta property=\"og:url\" content=\"https:\/\/www.hansalogistics.com\/de\/air-freight\/\" \/>\n<meta property=\"og:site_name\" content=\"hansa-express logistics GmbH\" \/>\n<meta property=\"article:modified_time\" content=\"2024-09-12T13:28:09+00:00\" \/>\n<meta name=\"twitter:card\" content=\"summary_large_image\" \/>\n<meta name=\"twitter:label1\" content=\"Gesch\u00e4tzte Lesezeit\" \/>\n\t<meta name=\"twitter:data1\" content=\"3\u00a0Minuten\" \/>\n<script type=\"application\/ld+json\" class=\"yoast-schema-graph\">{\"@context\":\"https:\/\/schema.org\",\"@graph\":[{\"@type\":\"WebPage\",\"@id\":\"https:\/\/www.hansalogistics.com\/de\/air-freight\/\",\"url\":\"https:\/\/www.hansalogistics.com\/de\/air-freight\/\",\"name\":\"Luftfracht - hansa-express logistics GmbH\",\"isPartOf\":{\"@id\":\"https:\/\/www.hansalogistics.com\/de\/#website\"},\"datePublished\":\"2022-06-13T09:50:50+00:00\",\"dateModified\":\"2024-09-12T13:28:09+00:00\",\"description\":\"Wir k\u00f6nnen jede Art von Fracht transportieren: von St\u00fcckgut \u00fcber Waffen und Munition bis hin zu milit\u00e4rischem Material und Gefahrgut.\",\"breadcrumb\":{\"@id\":\"https:\/\/www.hansalogistics.com\/de\/air-freight\/#breadcrumb\"},\"inLanguage\":\"de\",\"potentialAction\":[{\"@type\":\"ReadAction\",\"target\":[\"https:\/\/www.hansalogistics.com\/de\/air-freight\/\"]}]},{\"@type\":\"BreadcrumbList\",\"@id\":\"https:\/\/www.hansalogistics.com\/de\/air-freight\/#breadcrumb\",\"itemListElement\":[{\"@type\":\"ListItem\",\"position\":1,\"name\":\"Startseite\",\"item\":\"https:\/\/www.hansalogistics.com\/de\/\"},{\"@type\":\"ListItem\",\"position\":2,\"name\":\"Luftfracht\"}]},{\"@type\":\"WebSite\",\"@id\":\"https:\/\/www.hansalogistics.com\/de\/#website\",\"url\":\"https:\/\/www.hansalogistics.com\/de\/\",\"name\":\"hansa-express logistics GmbH\",\"description\":\"worldwide shipping of dangerous cargo\",\"publisher\":{\"@id\":\"https:\/\/www.hansalogistics.com\/de\/#organization\"},\"potentialAction\":[{\"@type\":\"SearchAction\",\"target\":{\"@type\":\"EntryPoint\",\"urlTemplate\":\"https:\/\/www.hansalogistics.com\/de\/?s={search_term_string}\"},\"query-input\":{\"@type\":\"PropertyValueSpecification\",\"valueRequired\":true,\"valueName\":\"search_term_string\"}}],\"inLanguage\":\"de\"},{\"@type\":\"Organization\",\"@id\":\"https:\/\/www.hansalogistics.com\/de\/#organization\",\"name\":\"hansa-express logistics GmbH\",\"url\":\"https:\/\/www.hansalogistics.com\/de\/\",\"logo\":{\"@type\":\"ImageObject\",\"inLanguage\":\"de\",\"@id\":\"https:\/\/www.hansalogistics.com\/de\/#\/schema\/logo\/image\/\",\"url\":\"https:\/\/www.hansalogistics.com\/wp-content\/uploads\/2022\/07\/cropped-logo_hansa-express-logistics.png\",\"contentUrl\":\"https:\/\/www.hansalogistics.com\/wp-content\/uploads\/2022\/07\/cropped-logo_hansa-express-logistics.png\",\"width\":650,\"height\":553,\"caption\":\"hansa-express logistics GmbH\"},\"image\":{\"@id\":\"https:\/\/www.hansalogistics.com\/de\/#\/schema\/logo\/image\/\"}}]}<\/script>\n<!-- \/ Yoast SEO plugin. -->","yoast_head_json":{"title":"Luftfracht - hansa-express logistics GmbH","description":"Wir k\u00f6nnen jede Art von Fracht transportieren: von St\u00fcckgut \u00fcber Waffen und Munition bis hin zu milit\u00e4rischem Material und Gefahrgut.","robots":{"index":"index","follow":"follow","max-snippet":"max-snippet:-1","max-image-preview":"max-image-preview:large","max-video-preview":"max-video-preview:-1"},"canonical":"https:\/\/www.hansalogistics.com\/de\/air-freight\/","og_locale":"de_DE","og_type":"article","og_title":"Luftfracht - hansa-express logistics GmbH","og_description":"Wir k\u00f6nnen jede Art von Fracht transportieren: von St\u00fcckgut \u00fcber Waffen und Munition bis hin zu milit\u00e4rischem Material und Gefahrgut.","og_url":"https:\/\/www.hansalogistics.com\/de\/air-freight\/","og_site_name":"hansa-express logistics GmbH","article_modified_time":"2024-09-12T13:28:09+00:00","twitter_card":"summary_large_image","twitter_misc":{"Gesch\u00e4tzte Lesezeit":"3\u00a0Minuten"},"schema":{"@context":"https:\/\/schema.org","@graph":[{"@type":"WebPage","@id":"https:\/\/www.hansalogistics.com\/de\/air-freight\/","url":"https:\/\/www.hansalogistics.com\/de\/air-freight\/","name":"Luftfracht - hansa-express logistics GmbH","isPartOf":{"@id":"https:\/\/www.hansalogistics.com\/de\/#website"},"datePublished":"2022-06-13T09:50:50+00:00","dateModified":"2024-09-12T13:28:09+00:00","description":"Wir k\u00f6nnen jede Art von Fracht transportieren: von St\u00fcckgut \u00fcber Waffen und Munition bis hin zu milit\u00e4rischem Material und Gefahrgut.","breadcrumb":{"@id":"https:\/\/www.hansalogistics.com\/de\/air-freight\/#breadcrumb"},"inLanguage":"de","potentialAction":[{"@type":"ReadAction","target":["https:\/\/www.hansalogistics.com\/de\/air-freight\/"]}]},{"@type":"BreadcrumbList","@id":"https:\/\/www.hansalogistics.com\/de\/air-freight\/#breadcrumb","itemListElement":[{"@type":"ListItem","position":1,"name":"Startseite","item":"https:\/\/www.hansalogistics.com\/de\/"},{"@type":"ListItem","position":2,"name":"Luftfracht"}]},{"@type":"WebSite","@id":"https:\/\/www.hansalogistics.com\/de\/#website","url":"https:\/\/www.hansalogistics.com\/de\/","name":"hansa-express logistics GmbH","description":"worldwide shipping of dangerous cargo","publisher":{"@id":"https:\/\/www.hansalogistics.com\/de\/#organization"},"potentialAction":[{"@type":"SearchAction","target":{"@type":"EntryPoint","urlTemplate":"https:\/\/www.hansalogistics.com\/de\/?s={search_term_string}"},"query-input":{"@type":"PropertyValueSpecification","valueRequired":true,"valueName":"search_term_string"}}],"inLanguage":"de"},{"@type":"Organization","@id":"https:\/\/www.hansalogistics.com\/de\/#organization","name":"hansa-express logistics GmbH","url":"https:\/\/www.hansalogistics.com\/de\/","logo":{"@type":"ImageObject","inLanguage":"de","@id":"https:\/\/www.hansalogistics.com\/de\/#\/schema\/logo\/image\/","url":"https:\/\/www.hansalogistics.com\/wp-content\/uploads\/2022\/07\/cropped-logo_hansa-express-logistics.png","contentUrl":"https:\/\/www.hansalogistics.com\/wp-content\/uploads\/2022\/07\/cropped-logo_hansa-express-logistics.png","width":650,"height":553,"caption":"hansa-express logistics GmbH"},"image":{"@id":"https:\/\/www.hansalogistics.com\/de\/#\/schema\/logo\/image\/"}}]}},"_links":{"self":[{"href":"https:\/\/www.hansalogistics.com\/de\/wp-json\/wp\/v2\/pages\/786","targetHints":{"allow":["GET"]}}],"collection":[{"href":"https:\/\/www.hansalogistics.com\/de\/wp-json\/wp\/v2\/pages"}],"about":[{"href":"https:\/\/www.hansalogistics.com\/de\/wp-json\/wp\/v2\/types\/page"}],"author":[{"embeddable":true,"href":"https:\/\/www.hansalogistics.com\/de\/wp-json\/wp\/v2\/users\/1"}],"replies":[{"embeddable":true,"href":"https:\/\/www.hansalogistics.com\/de\/wp-json\/wp\/v2\/comments?post=786"}],"version-history":[{"count":5,"href":"https:\/\/www.hansalogistics.com\/de\/wp-json\/wp\/v2\/pages\/786\/revisions"}],"predecessor-version":[{"id":1017,"href":"https:\/\/www.hansalogistics.com\/de\/wp-json\/wp\/v2\/pages\/786\/revisions\/1017"}],"wp:attachment":[{"href":"https:\/\/www.hansalogistics.com\/de\/wp-json\/wp\/v2\/media?parent=786"}],"curies":[{"name":"wp","href":"https:\/\/api.w.org\/{rel}","templated":true}]}}