{"id":787,"date":"2022-06-13T11:47:21","date_gmt":"2022-06-13T09:47:21","guid":{"rendered":"https:\/\/www.hansalogistics.com\/ocean-freight\/"},"modified":"2024-09-12T15:27:49","modified_gmt":"2024-09-12T13:27:49","slug":"ocean-freight","status":"publish","type":"page","link":"https:\/\/www.hansalogistics.com\/de\/ocean-freight\/","title":{"rendered":"Seefracht"},"content":{"rendered":"\n<p>Seit \u00fcber 30 Jahren ist der internationale Seetransport von Sprengstoffen, Feuerwerksk\u00f6rpern, Waffen, Munition und milit\u00e4rischer Ausr\u00fcstung eines der Hauptgesch\u00e4ftsfelder des Unternehmens.<\/p>\n\n<p>Die Mitarbeiter von hansa-express nutzen, wo immer es m\u00f6glich ist, die Linienschifffahrt von und nach europ\u00e4ischen H\u00e4fen f\u00fcr den weltweiten Transport von Gefahrgut. Allerdings ist dies aufgrund von Hafen- oder Transithafenbestimmungen oft nicht m\u00f6glich. Zum Beispiel d\u00fcrfen in manchen H\u00e4fen nur geringe oder gar keine Mengen der IMO-Klasse 1 umgeschlagen werden oder die Reedereien verladen diese Stoffe nicht auf ihre Schiffe. Als Alternative setzt hansa-express daher Charter- oder Teilcharterschiffe ein, die \u00fcber die notwendige Erfahrung f\u00fcr den Seetransport von Gefahrgut der IMO-Klasse 1 verf\u00fcgen.<\/p>\n\n<p>Somit k\u00f6nnen wir mit diesen Charterschiffen fast jeden Hafen der Welt erreichen.<\/p>\n\n<figure class=\"wp-block-image size-full\"><img loading=\"lazy\" decoding=\"async\" width=\"1024\" height=\"768\" src=\"https:\/\/www.hansalogistics.com\/wp-content\/uploads\/2023\/11\/stapler-HO-2.jpg\" alt=\"Seecontainer Stapler in unserem Lager\" class=\"wp-image-949\" srcset=\"https:\/\/www.hansalogistics.com\/wp-content\/uploads\/2023\/11\/stapler-HO-2.jpg 1024w, https:\/\/www.hansalogistics.com\/wp-content\/uploads\/2023\/11\/stapler-HO-2-300x225.jpg 300w, https:\/\/www.hansalogistics.com\/wp-content\/uploads\/2023\/11\/stapler-HO-2-768x576.jpg 768w\" sizes=\"auto, (max-width: 1024px) 100vw, 1024px\" \/><\/figure>\n\n<p>Je nach Kundenwunsch bietet das erfahrene hansa-express Team verschiedene Versandm\u00f6glichkeiten und -schritte f\u00fcr den Transport von genehmigungspflichtigen und nicht genehmigungspflichtigen Gefahrg\u00fctern an. Sprechen Sie uns gerne auf Ihre Anforderungen an. <\/p>\n\n<h2 class=\"wp-block-heading\">Zus\u00e4tzliche maritime Dienstleistungen<\/h2>\n\n<ul class=\"wp-block-list\">\n<li>Hafenabfertigung<\/li>\n\n\n\n<li>Zollformalit\u00e4ten<\/li>\n\n\n\n<li>Hafenlizenzen<\/li>\n\n\n\n<li>Polizeiliche\/ beh\u00f6rdliche Erlaubnisse <\/li>\n<\/ul>\n\n<a name=\"Feuerwerkslogistik\"><\/a>\r\n\n<h2 class=\"wp-block-heading\">Feuerwerkslogistik<\/h2>\n\n<p>Viele Hersteller oder Importeure von explosiven Saisonartikeln wie Feuerwerksk\u00f6rpern vertrauen auf uns als Third Party Logistics Provider (3PL).<\/p>\n\n<p>Die Vorteile sind offensichtlich:<\/p>\n\n<p><strong>Budget- und Zeitersparnis<\/strong>&#13;\nDank unseres Branchen-Know-hows, unseres globalen Netzwerks und unserer Erfahrung k\u00f6nnen Sie durch die Auslagerung der Logistik an uns Kosten senken und die Lieferzeiten verk\u00fcrzen.<\/p>\n\n<p><strong>Geringe Kapitalbindung und Flexibilit\u00e4t<\/strong>&#13;\nSie m\u00fcssen weder ein eigenes Lager noch einen eigenen Fuhrpark unterhalten. Dies ist vor allem dann von Vorteil, wenn die Nachfrage im Laufe des Jahres stark schwankt. Das eigene Lager w\u00e4re die meiste Zeit nicht voll ausgelastet.<\/p>\n\n<p><strong>L\u00f6sung aus einer Hand<\/strong>&#13;\nMit seinen Value Added Services (VAS) bietet hansa-express die komplette Lieferkette von der Abholung im Werk bis zur Lieferung an den Kunden.<\/p>\n\n<p>In unseren Zolllagern f\u00fcr die IMO-Klasse 1 in Deutschland k\u00f6nnen wir Ihr Feuerwerk auch mit Bestandsmanagement einlagern, nach h\u00f6chsten Standards f\u00fcr den Export stauen oder Ihre Artikel aus Containern, Paletten oder Kisten umpacken, neu etikettieren\/markieren und direkt an Ihre Kunden ausliefern.<\/p>\n\n<p>Bei der weltweiten Abwicklung von FCL-Sendungen deckt hansa-express auch den gesamten Container-Importprozess ab, z.B. \u00fcber Hamburg oder Rotterdam.<\/p>\n\n<a name=\"cross-booking\"><\/a>\r\n\n<h2 class=\"wp-block-heading\">Cross Booking<\/h2>\n\n<p>Durch unser weltweites Netz von Partnern, die im gleichen Bereich des Sprengstofftransports t\u00e4tig sind,&#13;\nsind wir in der Lage, Sie bei Ihren Transporten nicht nur in Europa, sondern auch weltweit zu unterst\u00fctzen.&#13;\n&#13;\nMunition von Australien nach S\u00fcdamerika?&#13;\n&#13;\nRufen Sie uns einfach an.&#13;\n&#13;\nUSA nach Afrika?&#13;\n&#13;\nKein Problem.<\/p>\n\n<p>Munition von Australien nach S\u00fcdamerika? <\/p>\n\n<p>Rufen Sie uns an. <\/p>\n\n<p>USA nach Afrika?<\/p>\n\n<p>Kein Problem.<\/p>\n\n<a name=\"imo-chartering\"><\/a>\r\n\n<h2 class=\"wp-block-heading\">IMO Chartering<\/h2>\n\n<p>Das Chartern von Schiffen f\u00fcr den Transport von Sprengstoffen ist ein nicht ganz einfaches Thema.<\/p>\n\n<p>Die Schiffe m\u00fcssen IMO-tauglich sein. Die Entscheidungstr\u00e4ger auf den Schiffen und Reedereien m\u00fcssen f\u00fcr milit\u00e4rische Ladungen offen sein. Transitlizenzen f\u00fcr alle H\u00e4fen, die das Schiff auf seiner Reise anl\u00e4uft, m\u00fcssen vorhanden sein. &#13;\nSie brauchen einen direkten und zuverl\u00e4ssigen Kontakt zu allen Beteiligten.<\/p>\n\n<p>hansa hat schon viele solcher Auftr\u00e4ge erfolgreich ausgef\u00fchrt und kann mit seiner Erfahrung und seinem Wissen helfen. &#13;\nWir stehen in engem Kontakt zu Schiffseignern und Maklern.<\/p>\n","protected":false},"excerpt":{"rendered":"<p>Seit \u00fcber 30 Jahren ist der internationale Seetransport von Sprengstoffen, Feuerwerksk\u00f6rpern, Waffen, Munition und milit\u00e4rischer Ausr\u00fcstung eines der Hauptgesch\u00e4ftsfelder des Unternehmens. Die Mitarbeiter von hansa-express nutzen, wo immer es m\u00f6glich ist, die Linienschifffahrt von und nach europ\u00e4ischen H\u00e4fen f\u00fcr den weltweiten Transport von Gefahrgut. Allerdings ist dies aufgrund von Hafen- oder Transithafenbestimmungen oft nicht m\u00f6glich. Zum Beispiel d\u00fcrfen in manchen H\u00e4fen nur geringe oder gar keine Mengen der IMO-Klasse 1 umgeschlagen werden oder die Reedereien verladen diese Stoffe nicht auf ihre Schiffe. Als Alternative setzt hansa-express daher Charter- oder Teilcharterschiffe ein, die \u00fcber die notwendige Erfahrung f\u00fcr den Seetransport von Gefahrgut der IMO-Klasse 1 verf\u00fcgen. Somit k\u00f6nnen wir mit diesen Charterschiffen fast jeden Hafen der Welt erreichen. Je nach Kundenwunsch bietet das erfahrene hansa-express Team verschiedene Versandm\u00f6glichkeiten und -schritte f\u00fcr den Transport von genehmigungspflichtigen und nicht genehmigungspflichtigen Gefahrg\u00fctern an. Sprechen Sie uns gerne auf Ihre Anforderungen an. Zus\u00e4tzliche maritime Dienstleistungen Feuerwerkslogistik Viele Hersteller oder Importeure von explosiven Saisonartikeln wie Feuerwerksk\u00f6rpern vertrauen auf uns als Third Party Logistics Provider (3PL). Die Vorteile sind offensichtlich: Budget- und Zeitersparnis&#13; Dank unseres Branchen-Know-hows, unseres globalen Netzwerks und unserer Erfahrung k\u00f6nnen Sie durch die Auslagerung der Logistik an uns Kosten senken und die Lieferzeiten verk\u00fcrzen. Geringe Kapitalbindung und Flexibilit\u00e4t&#13; Sie m\u00fcssen weder ein eigenes Lager noch einen eigenen Fuhrpark unterhalten. Dies ist vor allem dann von Vorteil, wenn die Nachfrage im Laufe des Jahres stark schwankt. Das eigene Lager w\u00e4re die meiste Zeit nicht voll ausgelastet. L\u00f6sung aus einer Hand&#13; Mit seinen Value Added Services (VAS) bietet hansa-express die komplette Lieferkette von der Abholung im Werk bis zur Lieferung an den Kunden. In unseren Zolllagern f\u00fcr die IMO-Klasse 1 in Deutschland k\u00f6nnen wir Ihr Feuerwerk auch mit Bestandsmanagement einlagern, nach h\u00f6chsten Standards f\u00fcr den Export stauen oder Ihre Artikel aus Containern, Paletten oder Kisten umpacken, neu etikettieren\/markieren und direkt an Ihre Kunden ausliefern. Bei der weltweiten Abwicklung von FCL-Sendungen deckt hansa-express auch den gesamten Container-Importprozess ab, z.B. \u00fcber Hamburg oder Rotterdam. Cross Booking Durch unser weltweites Netz von Partnern, die im gleichen Bereich des Sprengstofftransports t\u00e4tig sind,&#13; sind wir in der Lage, Sie bei Ihren Transporten nicht nur in Europa, sondern auch weltweit zu unterst\u00fctzen.&#13; &#13; Munition von Australien nach S\u00fcdamerika?&#13; &#13; Rufen Sie uns einfach an.&#13; &#13; USA nach Afrika?&#13; &#13; Kein Problem. Munition von Australien nach S\u00fcdamerika? Rufen Sie uns an. USA nach Afrika? Kein Problem. IMO Chartering Das Chartern von Schiffen f\u00fcr den Transport von Sprengstoffen ist ein nicht ganz einfaches Thema. Die Schiffe m\u00fcssen IMO-tauglich sein. Die Entscheidungstr\u00e4ger auf den Schiffen und Reedereien m\u00fcssen f\u00fcr milit\u00e4rische Ladungen offen sein. Transitlizenzen f\u00fcr alle H\u00e4fen, die das Schiff auf seiner Reise anl\u00e4uft, m\u00fcssen vorhanden sein. &#13; Sie brauchen einen direkten und zuverl\u00e4ssigen Kontakt zu allen Beteiligten. hansa hat schon viele solcher Auftr\u00e4ge erfolgreich ausgef\u00fchrt und kann mit seiner Erfahrung und seinem Wissen helfen. &#13; Wir stehen in engem Kontakt zu Schiffseignern und Maklern.<\/p>\n","protected":false},"author":1,"featured_media":0,"parent":0,"menu_order":10,"comment_status":"closed","ping_status":"closed","template":"","meta":{"_acf_changed":false,"footnotes":""},"class_list":["post-787","page","type-page","status-publish","hentry"],"acf":[],"yoast_head":"<!-- This site is optimized with the Yoast SEO plugin v27.0 - https:\/\/yoast.com\/product\/yoast-seo-wordpress\/ -->\n<title>Seefracht - hansa-express logistics GmbH<\/title>\n<meta name=\"description\" content=\"Seit mehr als 30 Jahren verschiffen wir explosionsgef\u00e4hrliche Stoffe und Sprengstoffe in die ganze Welt. Wenn m\u00f6glich, nutzen wir Linienschiffe von - und zu den europ\u00e4ischen H\u00e4fen.\" \/>\n<meta name=\"robots\" content=\"index, follow, max-snippet:-1, max-image-preview:large, max-video-preview:-1\" \/>\n<link rel=\"canonical\" href=\"https:\/\/www.hansalogistics.com\/de\/ocean-freight\/\" \/>\n<meta property=\"og:locale\" content=\"de_DE\" \/>\n<meta property=\"og:type\" content=\"article\" \/>\n<meta property=\"og:title\" content=\"Seefracht - hansa-express logistics GmbH\" \/>\n<meta property=\"og:description\" content=\"Seit mehr als 30 Jahren verschiffen wir explosionsgef\u00e4hrliche Stoffe und Sprengstoffe in die ganze Welt. Wenn m\u00f6glich, nutzen wir Linienschiffe von - und zu den europ\u00e4ischen H\u00e4fen.\" \/>\n<meta property=\"og:url\" content=\"https:\/\/www.hansalogistics.com\/de\/ocean-freight\/\" \/>\n<meta property=\"og:site_name\" content=\"hansa-express logistics GmbH\" \/>\n<meta property=\"article:modified_time\" content=\"2024-09-12T13:27:49+00:00\" \/>\n<meta property=\"og:image\" content=\"https:\/\/www.hansalogistics.com\/wp-content\/uploads\/2023\/11\/stapler-HO-2.jpg\" \/>\n<meta name=\"twitter:card\" content=\"summary_large_image\" \/>\n<meta name=\"twitter:label1\" content=\"Gesch\u00e4tzte Lesezeit\" \/>\n\t<meta name=\"twitter:data1\" content=\"1\u00a0Minute\" \/>\n<script type=\"application\/ld+json\" class=\"yoast-schema-graph\">{\"@context\":\"https:\/\/schema.org\",\"@graph\":[{\"@type\":\"WebPage\",\"@id\":\"https:\/\/www.hansalogistics.com\/de\/ocean-freight\/\",\"url\":\"https:\/\/www.hansalogistics.com\/de\/ocean-freight\/\",\"name\":\"Seefracht - hansa-express logistics GmbH\",\"isPartOf\":{\"@id\":\"https:\/\/www.hansalogistics.com\/de\/#website\"},\"primaryImageOfPage\":{\"@id\":\"https:\/\/www.hansalogistics.com\/de\/ocean-freight\/#primaryimage\"},\"image\":{\"@id\":\"https:\/\/www.hansalogistics.com\/de\/ocean-freight\/#primaryimage\"},\"thumbnailUrl\":\"https:\/\/www.hansalogistics.com\/wp-content\/uploads\/2023\/11\/stapler-HO-2.jpg\",\"datePublished\":\"2022-06-13T09:47:21+00:00\",\"dateModified\":\"2024-09-12T13:27:49+00:00\",\"description\":\"Seit mehr als 30 Jahren verschiffen wir explosionsgef\u00e4hrliche Stoffe und Sprengstoffe in die ganze Welt. Wenn m\u00f6glich, nutzen wir Linienschiffe von - und zu den europ\u00e4ischen H\u00e4fen.\",\"breadcrumb\":{\"@id\":\"https:\/\/www.hansalogistics.com\/de\/ocean-freight\/#breadcrumb\"},\"inLanguage\":\"de\",\"potentialAction\":[{\"@type\":\"ReadAction\",\"target\":[\"https:\/\/www.hansalogistics.com\/de\/ocean-freight\/\"]}]},{\"@type\":\"ImageObject\",\"inLanguage\":\"de\",\"@id\":\"https:\/\/www.hansalogistics.com\/de\/ocean-freight\/#primaryimage\",\"url\":\"https:\/\/www.hansalogistics.com\/wp-content\/uploads\/2023\/11\/stapler-HO-2.jpg\",\"contentUrl\":\"https:\/\/www.hansalogistics.com\/wp-content\/uploads\/2023\/11\/stapler-HO-2.jpg\"},{\"@type\":\"BreadcrumbList\",\"@id\":\"https:\/\/www.hansalogistics.com\/de\/ocean-freight\/#breadcrumb\",\"itemListElement\":[{\"@type\":\"ListItem\",\"position\":1,\"name\":\"Startseite\",\"item\":\"https:\/\/www.hansalogistics.com\/de\/\"},{\"@type\":\"ListItem\",\"position\":2,\"name\":\"Seefracht\"}]},{\"@type\":\"WebSite\",\"@id\":\"https:\/\/www.hansalogistics.com\/de\/#website\",\"url\":\"https:\/\/www.hansalogistics.com\/de\/\",\"name\":\"hansa-express logistics GmbH\",\"description\":\"worldwide shipping of dangerous cargo\",\"publisher\":{\"@id\":\"https:\/\/www.hansalogistics.com\/de\/#organization\"},\"potentialAction\":[{\"@type\":\"SearchAction\",\"target\":{\"@type\":\"EntryPoint\",\"urlTemplate\":\"https:\/\/www.hansalogistics.com\/de\/?s={search_term_string}\"},\"query-input\":{\"@type\":\"PropertyValueSpecification\",\"valueRequired\":true,\"valueName\":\"search_term_string\"}}],\"inLanguage\":\"de\"},{\"@type\":\"Organization\",\"@id\":\"https:\/\/www.hansalogistics.com\/de\/#organization\",\"name\":\"hansa-express logistics GmbH\",\"url\":\"https:\/\/www.hansalogistics.com\/de\/\",\"logo\":{\"@type\":\"ImageObject\",\"inLanguage\":\"de\",\"@id\":\"https:\/\/www.hansalogistics.com\/de\/#\/schema\/logo\/image\/\",\"url\":\"https:\/\/www.hansalogistics.com\/wp-content\/uploads\/2022\/07\/cropped-logo_hansa-express-logistics.png\",\"contentUrl\":\"https:\/\/www.hansalogistics.com\/wp-content\/uploads\/2022\/07\/cropped-logo_hansa-express-logistics.png\",\"width\":650,\"height\":553,\"caption\":\"hansa-express logistics GmbH\"},\"image\":{\"@id\":\"https:\/\/www.hansalogistics.com\/de\/#\/schema\/logo\/image\/\"}}]}<\/script>\n<!-- \/ Yoast SEO plugin. -->","yoast_head_json":{"title":"Seefracht - hansa-express logistics GmbH","description":"Seit mehr als 30 Jahren verschiffen wir explosionsgef\u00e4hrliche Stoffe und Sprengstoffe in die ganze Welt. Wenn m\u00f6glich, nutzen wir Linienschiffe von - und zu den europ\u00e4ischen H\u00e4fen.","robots":{"index":"index","follow":"follow","max-snippet":"max-snippet:-1","max-image-preview":"max-image-preview:large","max-video-preview":"max-video-preview:-1"},"canonical":"https:\/\/www.hansalogistics.com\/de\/ocean-freight\/","og_locale":"de_DE","og_type":"article","og_title":"Seefracht - hansa-express logistics GmbH","og_description":"Seit mehr als 30 Jahren verschiffen wir explosionsgef\u00e4hrliche Stoffe und Sprengstoffe in die ganze Welt. Wenn m\u00f6glich, nutzen wir Linienschiffe von - und zu den europ\u00e4ischen H\u00e4fen.","og_url":"https:\/\/www.hansalogistics.com\/de\/ocean-freight\/","og_site_name":"hansa-express logistics GmbH","article_modified_time":"2024-09-12T13:27:49+00:00","og_image":[{"url":"https:\/\/www.hansalogistics.com\/wp-content\/uploads\/2023\/11\/stapler-HO-2.jpg","type":"","width":"","height":""}],"twitter_card":"summary_large_image","twitter_misc":{"Gesch\u00e4tzte Lesezeit":"1\u00a0Minute"},"schema":{"@context":"https:\/\/schema.org","@graph":[{"@type":"WebPage","@id":"https:\/\/www.hansalogistics.com\/de\/ocean-freight\/","url":"https:\/\/www.hansalogistics.com\/de\/ocean-freight\/","name":"Seefracht - hansa-express logistics GmbH","isPartOf":{"@id":"https:\/\/www.hansalogistics.com\/de\/#website"},"primaryImageOfPage":{"@id":"https:\/\/www.hansalogistics.com\/de\/ocean-freight\/#primaryimage"},"image":{"@id":"https:\/\/www.hansalogistics.com\/de\/ocean-freight\/#primaryimage"},"thumbnailUrl":"https:\/\/www.hansalogistics.com\/wp-content\/uploads\/2023\/11\/stapler-HO-2.jpg","datePublished":"2022-06-13T09:47:21+00:00","dateModified":"2024-09-12T13:27:49+00:00","description":"Seit mehr als 30 Jahren verschiffen wir explosionsgef\u00e4hrliche Stoffe und Sprengstoffe in die ganze Welt. Wenn m\u00f6glich, nutzen wir Linienschiffe von - und zu den europ\u00e4ischen H\u00e4fen.","breadcrumb":{"@id":"https:\/\/www.hansalogistics.com\/de\/ocean-freight\/#breadcrumb"},"inLanguage":"de","potentialAction":[{"@type":"ReadAction","target":["https:\/\/www.hansalogistics.com\/de\/ocean-freight\/"]}]},{"@type":"ImageObject","inLanguage":"de","@id":"https:\/\/www.hansalogistics.com\/de\/ocean-freight\/#primaryimage","url":"https:\/\/www.hansalogistics.com\/wp-content\/uploads\/2023\/11\/stapler-HO-2.jpg","contentUrl":"https:\/\/www.hansalogistics.com\/wp-content\/uploads\/2023\/11\/stapler-HO-2.jpg"},{"@type":"BreadcrumbList","@id":"https:\/\/www.hansalogistics.com\/de\/ocean-freight\/#breadcrumb","itemListElement":[{"@type":"ListItem","position":1,"name":"Startseite","item":"https:\/\/www.hansalogistics.com\/de\/"},{"@type":"ListItem","position":2,"name":"Seefracht"}]},{"@type":"WebSite","@id":"https:\/\/www.hansalogistics.com\/de\/#website","url":"https:\/\/www.hansalogistics.com\/de\/","name":"hansa-express logistics GmbH","description":"worldwide shipping of dangerous cargo","publisher":{"@id":"https:\/\/www.hansalogistics.com\/de\/#organization"},"potentialAction":[{"@type":"SearchAction","target":{"@type":"EntryPoint","urlTemplate":"https:\/\/www.hansalogistics.com\/de\/?s={search_term_string}"},"query-input":{"@type":"PropertyValueSpecification","valueRequired":true,"valueName":"search_term_string"}}],"inLanguage":"de"},{"@type":"Organization","@id":"https:\/\/www.hansalogistics.com\/de\/#organization","name":"hansa-express logistics GmbH","url":"https:\/\/www.hansalogistics.com\/de\/","logo":{"@type":"ImageObject","inLanguage":"de","@id":"https:\/\/www.hansalogistics.com\/de\/#\/schema\/logo\/image\/","url":"https:\/\/www.hansalogistics.com\/wp-content\/uploads\/2022\/07\/cropped-logo_hansa-express-logistics.png","contentUrl":"https:\/\/www.hansalogistics.com\/wp-content\/uploads\/2022\/07\/cropped-logo_hansa-express-logistics.png","width":650,"height":553,"caption":"hansa-express logistics GmbH"},"image":{"@id":"https:\/\/www.hansalogistics.com\/de\/#\/schema\/logo\/image\/"}}]}},"_links":{"self":[{"href":"https:\/\/www.hansalogistics.com\/de\/wp-json\/wp\/v2\/pages\/787","targetHints":{"allow":["GET"]}}],"collection":[{"href":"https:\/\/www.hansalogistics.com\/de\/wp-json\/wp\/v2\/pages"}],"about":[{"href":"https:\/\/www.hansalogistics.com\/de\/wp-json\/wp\/v2\/types\/page"}],"author":[{"embeddable":true,"href":"https:\/\/www.hansalogistics.com\/de\/wp-json\/wp\/v2\/users\/1"}],"replies":[{"embeddable":true,"href":"https:\/\/www.hansalogistics.com\/de\/wp-json\/wp\/v2\/comments?post=787"}],"version-history":[{"count":6,"href":"https:\/\/www.hansalogistics.com\/de\/wp-json\/wp\/v2\/pages\/787\/revisions"}],"predecessor-version":[{"id":1015,"href":"https:\/\/www.hansalogistics.com\/de\/wp-json\/wp\/v2\/pages\/787\/revisions\/1015"}],"wp:attachment":[{"href":"https:\/\/www.hansalogistics.com\/de\/wp-json\/wp\/v2\/media?parent=787"}],"curies":[{"name":"wp","href":"https:\/\/api.w.org\/{rel}","templated":true}]}}