{"id":788,"date":"2022-06-13T11:40:52","date_gmt":"2022-06-13T09:40:52","guid":{"rendered":"https:\/\/www.hansalogistics.com\/certifications\/"},"modified":"2026-02-23T01:18:06","modified_gmt":"2026-02-23T00:18:06","slug":"certifications","status":"publish","type":"page","link":"https:\/\/www.hansalogistics.com\/de\/certifications\/","title":{"rendered":"Zertifikate"},"content":{"rendered":"\n<h2 class=\"wp-block-heading\">AEO&nbsp;(Authorised Economic Operator)<\/h2>\n\n\n\n<p>Inhaber eines AEO-Zertifikats unterliegen weniger physischen und dokumentenbezogenen Kontrollen als Unternehmen ohne AEO-Zertifikat. Unternehmen mit einem AEO-Zertifikat werden weltweit als sichere und gesetzestreue Gesch\u00e4ftspartner anerkannt. Zollformalit\u00e4ten k\u00f6nnen einfacher abgewickelt werden, die Anforderungen im Vorfeld der Ein- und Ausfuhr werden auf ein Minimum reduziert.<\/p>\n\n\n\n<p>hansa-express logistics GmbH ist bereits Teil dieser Gruppe.<\/p>\n\n\n\n<h3 class=\"wp-block-heading\">hansa-express Zertifikate:<\/h3>\n\n\n\n<figure class=\"wp-block-gallery has-nested-images columns-default is-cropped wp-block-gallery-1 is-layout-flex wp-block-gallery-is-layout-flex\">\n<figure class=\"wp-block-image size-large\"><img loading=\"lazy\" decoding=\"async\" width=\"724\" height=\"1024\" data-id=\"1077\" src=\"https:\/\/www.hansalogistics.com\/wp-content\/uploads\/2026\/02\/aeo-certificate-pdf-724x1024.jpg\" alt=\"\" class=\"wp-image-1077\" srcset=\"https:\/\/www.hansalogistics.com\/wp-content\/uploads\/2026\/02\/aeo-certificate-pdf-724x1024.jpg 724w, https:\/\/www.hansalogistics.com\/wp-content\/uploads\/2026\/02\/aeo-certificate-pdf-212x300.jpg 212w, https:\/\/www.hansalogistics.com\/wp-content\/uploads\/2026\/02\/aeo-certificate-pdf-768x1087.jpg 768w, https:\/\/www.hansalogistics.com\/wp-content\/uploads\/2026\/02\/aeo-certificate-pdf.jpg 1058w\" sizes=\"auto, (max-width: 724px) 100vw, 724px\" \/><\/figure>\n\n\n\n<figure class=\"wp-block-image size-large\"><img loading=\"lazy\" decoding=\"async\" width=\"739\" height=\"1024\" data-id=\"1078\" src=\"https:\/\/www.hansalogistics.com\/wp-content\/uploads\/2026\/02\/erlaubnis_spreng_g-pdf-739x1024.jpg\" alt=\"\" class=\"wp-image-1078\" srcset=\"https:\/\/www.hansalogistics.com\/wp-content\/uploads\/2026\/02\/erlaubnis_spreng_g-pdf-739x1024.jpg 739w, https:\/\/www.hansalogistics.com\/wp-content\/uploads\/2026\/02\/erlaubnis_spreng_g-pdf-217x300.jpg 217w, https:\/\/www.hansalogistics.com\/wp-content\/uploads\/2026\/02\/erlaubnis_spreng_g-pdf-768x1064.jpg 768w, https:\/\/www.hansalogistics.com\/wp-content\/uploads\/2026\/02\/erlaubnis_spreng_g-pdf.jpg 1058w\" sizes=\"auto, (max-width: 739px) 100vw, 739px\" \/><\/figure>\n\n\n\n<figure class=\"wp-block-image size-large\"><img loading=\"lazy\" decoding=\"async\" width=\"725\" height=\"1024\" data-id=\"1079\" src=\"https:\/\/www.hansalogistics.com\/wp-content\/uploads\/2026\/02\/lizenz_grenzueberschreitender_gewerblicher_gueterkraftverkehr_gueltig_09-04-26-pdf-725x1024.jpg\" alt=\"\" class=\"wp-image-1079\" srcset=\"https:\/\/www.hansalogistics.com\/wp-content\/uploads\/2026\/02\/lizenz_grenzueberschreitender_gewerblicher_gueterkraftverkehr_gueltig_09-04-26-pdf-725x1024.jpg 725w, https:\/\/www.hansalogistics.com\/wp-content\/uploads\/2026\/02\/lizenz_grenzueberschreitender_gewerblicher_gueterkraftverkehr_gueltig_09-04-26-pdf-212x300.jpg 212w, https:\/\/www.hansalogistics.com\/wp-content\/uploads\/2026\/02\/lizenz_grenzueberschreitender_gewerblicher_gueterkraftverkehr_gueltig_09-04-26-pdf-768x1085.jpg 768w, https:\/\/www.hansalogistics.com\/wp-content\/uploads\/2026\/02\/lizenz_grenzueberschreitender_gewerblicher_gueterkraftverkehr_gueltig_09-04-26-pdf.jpg 1060w\" sizes=\"auto, (max-width: 725px) 100vw, 725px\" \/><\/figure>\n<\/figure>\n\n\n\n<p><\/p>\n\n\n\n<p>Firmenprofil unserer Dienstleistungen<\/p>\n\n\n\n<div data-wp-interactive=\"core\/file\" class=\"wp-block-file\"><object data-wp-bind--hidden=\"!state.hasPdfPreview\" hidden class=\"wp-block-file__embed\" data=\"https:\/\/www.hansalogistics.com\/wp-content\/uploads\/2025\/09\/hansa_express_company_profile.pdf\" type=\"application\/pdf\" style=\"width:100%;height:600px\" aria-label=\"Einbettung von hansa_express_company_profile.\"><\/object><a id=\"wp-block-file--media-95879967-a286-450c-8440-4c6f11e33877\" href=\"https:\/\/www.hansalogistics.com\/wp-content\/uploads\/2025\/09\/hansa_express_company_profile.pdf\">hansa_express_company_profile<\/a><a href=\"https:\/\/www.hansalogistics.com\/wp-content\/uploads\/2025\/09\/hansa_express_company_profile.pdf\" class=\"wp-block-file__button wp-element-button\" download aria-describedby=\"wp-block-file--media-95879967-a286-450c-8440-4c6f11e33877\">Download<\/a><\/div>\n\n\n\n<p>Wir arbeiten generell nach der letzten offiziellen Fassung der<br>Allgemeinen Deutschen Spediteurbedingungen \u2013 ADSp<\/p>\n\n\n\n<div data-wp-interactive=\"core\/file\" class=\"wp-block-file\"><object data-wp-bind--hidden=\"!state.hasPdfPreview\" hidden class=\"wp-block-file__embed\" data=\"https:\/\/www.hansalogistics.com\/wp-content\/uploads\/2022\/10\/adsp_2017-deutsch.pdf\" type=\"application\/pdf\" style=\"width:100%;height:600px\" aria-label=\"Einbettung von adsp_2017-deutsch.\"><\/object><a id=\"wp-block-file--media-ae868fd1-7ed3-4fd8-a2d5-6467f39591ce\" href=\"https:\/\/www.hansalogistics.com\/wp-content\/uploads\/2022\/10\/adsp_2017-deutsch.pdf\">adsp_2017-deutsch<\/a><a href=\"https:\/\/www.hansalogistics.com\/wp-content\/uploads\/2022\/10\/adsp_2017-deutsch.pdf\" class=\"wp-block-file__button wp-element-button\" download aria-describedby=\"wp-block-file--media-ae868fd1-7ed3-4fd8-a2d5-6467f39591ce\">Download<\/a><\/div>\n","protected":false},"excerpt":{"rendered":"<p>AEO&nbsp;(Authorised Economic Operator) Inhaber eines AEO-Zertifikats unterliegen weniger physischen und dokumentenbezogenen Kontrollen als Unternehmen ohne AEO-Zertifikat. Unternehmen mit einem AEO-Zertifikat werden weltweit als sichere und gesetzestreue Gesch\u00e4ftspartner anerkannt. Zollformalit\u00e4ten k\u00f6nnen einfacher abgewickelt werden, die Anforderungen im Vorfeld der Ein- und Ausfuhr werden auf ein Minimum reduziert. hansa-express logistics GmbH ist bereits Teil dieser Gruppe. hansa-express Zertifikate: Firmenprofil unserer Dienstleistungen Wir arbeiten generell nach der letzten offiziellen Fassung derAllgemeinen Deutschen Spediteurbedingungen \u2013 ADSp<\/p>\n","protected":false},"author":1,"featured_media":0,"parent":0,"menu_order":4,"comment_status":"closed","ping_status":"closed","template":"","meta":{"_acf_changed":false,"footnotes":""},"class_list":["post-788","page","type-page","status-publish","hentry"],"acf":[],"yoast_head":"<!-- This site is optimized with the Yoast SEO plugin v27.0 - https:\/\/yoast.com\/product\/yoast-seo-wordpress\/ -->\n<title>Zertifikate - hansa-express logistics GmbH<\/title>\n<meta name=\"description\" content=\"hansa-express besitzt das AEO - F Zertifikat (Authorized Economic Operator). Das Ziel der AEO Zertifizierung besteht darin, s\u00e4mtliche Lieferketten sicherer zu gestalten und vor Gefahren zu sch\u00fctzen. Anerkannte AEOs gelten als besonders zuverl\u00e4ssig und vertrauensw\u00fcrdig. Sie haben unter anderem die M\u00f6glichkeit, innerhalb der gesamten EU Bewilligungen f\u00fcr Zollverfahren zu erhalten, ohne erneut umfangreichen Pr\u00fcfungen unterzogen zu werden.\" \/>\n<meta name=\"robots\" content=\"index, follow, max-snippet:-1, max-image-preview:large, max-video-preview:-1\" \/>\n<link rel=\"canonical\" href=\"https:\/\/www.hansalogistics.com\/de\/certifications\/\" \/>\n<meta property=\"og:locale\" content=\"de_DE\" \/>\n<meta property=\"og:type\" content=\"article\" \/>\n<meta property=\"og:title\" content=\"Zertifikate - hansa-express logistics GmbH\" \/>\n<meta property=\"og:description\" content=\"hansa-express besitzt das AEO - F Zertifikat (Authorized Economic Operator). Das Ziel der AEO Zertifizierung besteht darin, s\u00e4mtliche Lieferketten sicherer zu gestalten und vor Gefahren zu sch\u00fctzen. Anerkannte AEOs gelten als besonders zuverl\u00e4ssig und vertrauensw\u00fcrdig. Sie haben unter anderem die M\u00f6glichkeit, innerhalb der gesamten EU Bewilligungen f\u00fcr Zollverfahren zu erhalten, ohne erneut umfangreichen Pr\u00fcfungen unterzogen zu werden.\" \/>\n<meta property=\"og:url\" content=\"https:\/\/www.hansalogistics.com\/de\/certifications\/\" \/>\n<meta property=\"og:site_name\" content=\"hansa-express logistics GmbH\" \/>\n<meta property=\"article:modified_time\" content=\"2026-02-23T00:18:06+00:00\" \/>\n<meta property=\"og:image\" content=\"https:\/\/www.hansalogistics.com\/wp-content\/uploads\/2026\/02\/aeo-certificate-pdf.jpg\" \/>\n\t<meta property=\"og:image:width\" content=\"1058\" \/>\n\t<meta property=\"og:image:height\" content=\"1497\" \/>\n\t<meta property=\"og:image:type\" content=\"image\/jpeg\" \/>\n<meta name=\"twitter:card\" content=\"summary_large_image\" \/>\n<meta name=\"twitter:label1\" content=\"Gesch\u00e4tzte Lesezeit\" \/>\n\t<meta name=\"twitter:data1\" content=\"3\u00a0Minuten\" \/>\n<script type=\"application\/ld+json\" class=\"yoast-schema-graph\">{\"@context\":\"https:\/\/schema.org\",\"@graph\":[{\"@type\":\"WebPage\",\"@id\":\"https:\/\/www.hansalogistics.com\/de\/certifications\/\",\"url\":\"https:\/\/www.hansalogistics.com\/de\/certifications\/\",\"name\":\"Zertifikate - hansa-express logistics GmbH\",\"isPartOf\":{\"@id\":\"https:\/\/www.hansalogistics.com\/de\/#website\"},\"primaryImageOfPage\":{\"@id\":\"https:\/\/www.hansalogistics.com\/de\/certifications\/#primaryimage\"},\"image\":{\"@id\":\"https:\/\/www.hansalogistics.com\/de\/certifications\/#primaryimage\"},\"thumbnailUrl\":\"https:\/\/www.hansalogistics.com\/wp-content\/uploads\/2026\/02\/aeo-certificate-pdf-724x1024.jpg\",\"datePublished\":\"2022-06-13T09:40:52+00:00\",\"dateModified\":\"2026-02-23T00:18:06+00:00\",\"description\":\"hansa-express besitzt das AEO - F Zertifikat (Authorized Economic Operator). Das Ziel der AEO Zertifizierung besteht darin, s\u00e4mtliche Lieferketten sicherer zu gestalten und vor Gefahren zu sch\u00fctzen. Anerkannte AEOs gelten als besonders zuverl\u00e4ssig und vertrauensw\u00fcrdig. Sie haben unter anderem die M\u00f6glichkeit, innerhalb der gesamten EU Bewilligungen f\u00fcr Zollverfahren zu erhalten, ohne erneut umfangreichen Pr\u00fcfungen unterzogen zu werden.\",\"breadcrumb\":{\"@id\":\"https:\/\/www.hansalogistics.com\/de\/certifications\/#breadcrumb\"},\"inLanguage\":\"de\",\"potentialAction\":[{\"@type\":\"ReadAction\",\"target\":[\"https:\/\/www.hansalogistics.com\/de\/certifications\/\"]}]},{\"@type\":\"ImageObject\",\"inLanguage\":\"de\",\"@id\":\"https:\/\/www.hansalogistics.com\/de\/certifications\/#primaryimage\",\"url\":\"https:\/\/www.hansalogistics.com\/wp-content\/uploads\/2026\/02\/aeo-certificate-pdf-724x1024.jpg\",\"contentUrl\":\"https:\/\/www.hansalogistics.com\/wp-content\/uploads\/2026\/02\/aeo-certificate-pdf-724x1024.jpg\"},{\"@type\":\"BreadcrumbList\",\"@id\":\"https:\/\/www.hansalogistics.com\/de\/certifications\/#breadcrumb\",\"itemListElement\":[{\"@type\":\"ListItem\",\"position\":1,\"name\":\"Startseite\",\"item\":\"https:\/\/www.hansalogistics.com\/de\/\"},{\"@type\":\"ListItem\",\"position\":2,\"name\":\"Zertifikate\"}]},{\"@type\":\"WebSite\",\"@id\":\"https:\/\/www.hansalogistics.com\/de\/#website\",\"url\":\"https:\/\/www.hansalogistics.com\/de\/\",\"name\":\"hansa-express logistics GmbH\",\"description\":\"worldwide shipping of dangerous cargo\",\"publisher\":{\"@id\":\"https:\/\/www.hansalogistics.com\/de\/#organization\"},\"potentialAction\":[{\"@type\":\"SearchAction\",\"target\":{\"@type\":\"EntryPoint\",\"urlTemplate\":\"https:\/\/www.hansalogistics.com\/de\/?s={search_term_string}\"},\"query-input\":{\"@type\":\"PropertyValueSpecification\",\"valueRequired\":true,\"valueName\":\"search_term_string\"}}],\"inLanguage\":\"de\"},{\"@type\":\"Organization\",\"@id\":\"https:\/\/www.hansalogistics.com\/de\/#organization\",\"name\":\"hansa-express logistics GmbH\",\"url\":\"https:\/\/www.hansalogistics.com\/de\/\",\"logo\":{\"@type\":\"ImageObject\",\"inLanguage\":\"de\",\"@id\":\"https:\/\/www.hansalogistics.com\/de\/#\/schema\/logo\/image\/\",\"url\":\"https:\/\/www.hansalogistics.com\/wp-content\/uploads\/2022\/07\/cropped-logo_hansa-express-logistics.png\",\"contentUrl\":\"https:\/\/www.hansalogistics.com\/wp-content\/uploads\/2022\/07\/cropped-logo_hansa-express-logistics.png\",\"width\":650,\"height\":553,\"caption\":\"hansa-express logistics GmbH\"},\"image\":{\"@id\":\"https:\/\/www.hansalogistics.com\/de\/#\/schema\/logo\/image\/\"}}]}<\/script>\n<!-- \/ Yoast SEO plugin. -->","yoast_head_json":{"title":"Zertifikate - hansa-express logistics GmbH","description":"hansa-express besitzt das AEO - F Zertifikat (Authorized Economic Operator). Das Ziel der AEO Zertifizierung besteht darin, s\u00e4mtliche Lieferketten sicherer zu gestalten und vor Gefahren zu sch\u00fctzen. Anerkannte AEOs gelten als besonders zuverl\u00e4ssig und vertrauensw\u00fcrdig. Sie haben unter anderem die M\u00f6glichkeit, innerhalb der gesamten EU Bewilligungen f\u00fcr Zollverfahren zu erhalten, ohne erneut umfangreichen Pr\u00fcfungen unterzogen zu werden.","robots":{"index":"index","follow":"follow","max-snippet":"max-snippet:-1","max-image-preview":"max-image-preview:large","max-video-preview":"max-video-preview:-1"},"canonical":"https:\/\/www.hansalogistics.com\/de\/certifications\/","og_locale":"de_DE","og_type":"article","og_title":"Zertifikate - hansa-express logistics GmbH","og_description":"hansa-express besitzt das AEO - F Zertifikat (Authorized Economic Operator). Das Ziel der AEO Zertifizierung besteht darin, s\u00e4mtliche Lieferketten sicherer zu gestalten und vor Gefahren zu sch\u00fctzen. Anerkannte AEOs gelten als besonders zuverl\u00e4ssig und vertrauensw\u00fcrdig. Sie haben unter anderem die M\u00f6glichkeit, innerhalb der gesamten EU Bewilligungen f\u00fcr Zollverfahren zu erhalten, ohne erneut umfangreichen Pr\u00fcfungen unterzogen zu werden.","og_url":"https:\/\/www.hansalogistics.com\/de\/certifications\/","og_site_name":"hansa-express logistics GmbH","article_modified_time":"2026-02-23T00:18:06+00:00","og_image":[{"width":1058,"height":1497,"url":"https:\/\/www.hansalogistics.com\/wp-content\/uploads\/2026\/02\/aeo-certificate-pdf.jpg","type":"image\/jpeg"}],"twitter_card":"summary_large_image","twitter_misc":{"Gesch\u00e4tzte Lesezeit":"3\u00a0Minuten"},"schema":{"@context":"https:\/\/schema.org","@graph":[{"@type":"WebPage","@id":"https:\/\/www.hansalogistics.com\/de\/certifications\/","url":"https:\/\/www.hansalogistics.com\/de\/certifications\/","name":"Zertifikate - hansa-express logistics GmbH","isPartOf":{"@id":"https:\/\/www.hansalogistics.com\/de\/#website"},"primaryImageOfPage":{"@id":"https:\/\/www.hansalogistics.com\/de\/certifications\/#primaryimage"},"image":{"@id":"https:\/\/www.hansalogistics.com\/de\/certifications\/#primaryimage"},"thumbnailUrl":"https:\/\/www.hansalogistics.com\/wp-content\/uploads\/2026\/02\/aeo-certificate-pdf-724x1024.jpg","datePublished":"2022-06-13T09:40:52+00:00","dateModified":"2026-02-23T00:18:06+00:00","description":"hansa-express besitzt das AEO - F Zertifikat (Authorized Economic Operator). Das Ziel der AEO Zertifizierung besteht darin, s\u00e4mtliche Lieferketten sicherer zu gestalten und vor Gefahren zu sch\u00fctzen. Anerkannte AEOs gelten als besonders zuverl\u00e4ssig und vertrauensw\u00fcrdig. Sie haben unter anderem die M\u00f6glichkeit, innerhalb der gesamten EU Bewilligungen f\u00fcr Zollverfahren zu erhalten, ohne erneut umfangreichen Pr\u00fcfungen unterzogen zu werden.","breadcrumb":{"@id":"https:\/\/www.hansalogistics.com\/de\/certifications\/#breadcrumb"},"inLanguage":"de","potentialAction":[{"@type":"ReadAction","target":["https:\/\/www.hansalogistics.com\/de\/certifications\/"]}]},{"@type":"ImageObject","inLanguage":"de","@id":"https:\/\/www.hansalogistics.com\/de\/certifications\/#primaryimage","url":"https:\/\/www.hansalogistics.com\/wp-content\/uploads\/2026\/02\/aeo-certificate-pdf-724x1024.jpg","contentUrl":"https:\/\/www.hansalogistics.com\/wp-content\/uploads\/2026\/02\/aeo-certificate-pdf-724x1024.jpg"},{"@type":"BreadcrumbList","@id":"https:\/\/www.hansalogistics.com\/de\/certifications\/#breadcrumb","itemListElement":[{"@type":"ListItem","position":1,"name":"Startseite","item":"https:\/\/www.hansalogistics.com\/de\/"},{"@type":"ListItem","position":2,"name":"Zertifikate"}]},{"@type":"WebSite","@id":"https:\/\/www.hansalogistics.com\/de\/#website","url":"https:\/\/www.hansalogistics.com\/de\/","name":"hansa-express logistics GmbH","description":"worldwide shipping of dangerous cargo","publisher":{"@id":"https:\/\/www.hansalogistics.com\/de\/#organization"},"potentialAction":[{"@type":"SearchAction","target":{"@type":"EntryPoint","urlTemplate":"https:\/\/www.hansalogistics.com\/de\/?s={search_term_string}"},"query-input":{"@type":"PropertyValueSpecification","valueRequired":true,"valueName":"search_term_string"}}],"inLanguage":"de"},{"@type":"Organization","@id":"https:\/\/www.hansalogistics.com\/de\/#organization","name":"hansa-express logistics GmbH","url":"https:\/\/www.hansalogistics.com\/de\/","logo":{"@type":"ImageObject","inLanguage":"de","@id":"https:\/\/www.hansalogistics.com\/de\/#\/schema\/logo\/image\/","url":"https:\/\/www.hansalogistics.com\/wp-content\/uploads\/2022\/07\/cropped-logo_hansa-express-logistics.png","contentUrl":"https:\/\/www.hansalogistics.com\/wp-content\/uploads\/2022\/07\/cropped-logo_hansa-express-logistics.png","width":650,"height":553,"caption":"hansa-express logistics GmbH"},"image":{"@id":"https:\/\/www.hansalogistics.com\/de\/#\/schema\/logo\/image\/"}}]}},"_links":{"self":[{"href":"https:\/\/www.hansalogistics.com\/de\/wp-json\/wp\/v2\/pages\/788","targetHints":{"allow":["GET"]}}],"collection":[{"href":"https:\/\/www.hansalogistics.com\/de\/wp-json\/wp\/v2\/pages"}],"about":[{"href":"https:\/\/www.hansalogistics.com\/de\/wp-json\/wp\/v2\/types\/page"}],"author":[{"embeddable":true,"href":"https:\/\/www.hansalogistics.com\/de\/wp-json\/wp\/v2\/users\/1"}],"replies":[{"embeddable":true,"href":"https:\/\/www.hansalogistics.com\/de\/wp-json\/wp\/v2\/comments?post=788"}],"version-history":[{"count":10,"href":"https:\/\/www.hansalogistics.com\/de\/wp-json\/wp\/v2\/pages\/788\/revisions"}],"predecessor-version":[{"id":1085,"href":"https:\/\/www.hansalogistics.com\/de\/wp-json\/wp\/v2\/pages\/788\/revisions\/1085"}],"wp:attachment":[{"href":"https:\/\/www.hansalogistics.com\/de\/wp-json\/wp\/v2\/media?parent=788"}],"curies":[{"name":"wp","href":"https:\/\/api.w.org\/{rel}","templated":true}]}}